{"id":1736,"date":"2021-05-13T10:47:27","date_gmt":"2021-05-13T13:47:27","guid":{"rendered":"https:\/\/www.rua-asistencia.com.uy\/?page_id=1736"},"modified":"2021-05-13T10:47:27","modified_gmt":"2021-05-13T13:47:27","slug":"donde-estamos","status":"publish","type":"page","link":"https:\/\/www.rua-asistencia.com.uy\/index.php\/donde-estamos\/","title":{"rendered":"D\u00f3nde estamos"},"content":{"rendered":"<p>[et_pb_section fb_built=&quot;1&quot; custom_padding_last_edited=&quot;on|tablet&quot; admin_label=&quot;Hero&quot; _builder_version=&quot;4.7.7&quot; background_color=&quot;#e2e2e2&quot; background_color_gradient_direction=&quot;60deg&quot; background_image=&quot;https:\/\/www.rua-asistencia.com.uy\/wp-content\/uploads\/sites\/17\/2023\/10\/Banner-final-hub-de-innovacio%CC%81n.png&quot; background_position=&quot;top_center&quot; min_height=&quot;614px&quot; custom_margin=&quot;||-9px|||&quot; custom_padding=&quot;180px|0px|0px|0px||&quot; custom_padding_tablet=&quot;134px||||false|false&quot; custom_padding_phone=&quot;121px||||false|false&quot; background_last_edited=&quot;on|phone&quot; parallax_phone=&quot;off&quot; parallax_method_phone=&quot;on&quot; background_size_phone=&quot;initial&quot; background_position_phone=&quot;bottom_left&quot;][et_pb_row column_structure=&quot;2_3,1_3&quot; _builder_version=&quot;3.25&quot; custom_padding=&quot;||0px|||&quot;][et_pb_column type=&quot;2_3&quot; _builder_version=&quot;3.25&quot; custom_padding=&quot;||60px|&quot; custom_padding__hover=&quot;|||&quot;][et_pb_text _builder_version=&quot;4.7.7&quot; text_font=&quot;Open Sans|600|||||||&quot; text_font_size=&quot;16px&quot; text_line_height=&quot;1.8em&quot; header_font=&quot;Poppins|300|||||||&quot; header_text_color=&quot;#ffffff&quot; header_font_size=&quot;79px&quot; header_line_height=&quot;1.1em&quot; background_layout=&quot;dark&quot; max_width=&quot;700px&quot; custom_margin=&quot;|-587px|-2px|||&quot; custom_margin_tablet=&quot;|20px|||false|false&quot; custom_margin_phone=&quot;|29px|||false|false&quot; custom_margin_last_edited=&quot;on|phone&quot; custom_padding=&quot;|54px||||&quot; animation_direction=&quot;left&quot; hover_enabled=&quot;0&quot; header_font_size_tablet=&quot;46px&quot; header_font_size_phone=&quot;44px&quot; header_font_size_last_edited=&quot;on|desktop&quot; header_font_size__hover_enabled=&quot;on|desktop&quot; sticky_enabled=&quot;0&quot;]<\/p>\n<h1><strong>Por el mundo<\/strong><\/h1>\n<p>[\/et_pb_text][et_pb_text _builder_version=\u00bb4.7.7&#8243; text_font=\u00bb||||||||\u00bb text_text_color=\u00bb#ffffff\u00bb text_font_size=\u00bb18px\u00bb text_line_height=\u00bb1.6em\u00bb header_font=\u00bb||||||||\u00bb header_text_align=\u00bbleft\u00bb header_font_size=\u00bb33px\u00bb header_2_font=\u00bbPoppins||||||||\u00bb header_2_text_color=\u00bb#000080&#8243; header_2_font_size=\u00bb43px\u00bb header_2_line_height=\u00bb1.1em\u00bb header_3_font=\u00bb||||||||\u00bb width=\u00bb100%\u00bb module_alignment=\u00bbcenter\u00bb custom_margin=\u00bb|35px|72px|||\u00bb custom_margin_tablet=\u00bb||43px|||\u00bb custom_margin_phone=\u00bb|||0px|false|false\u00bb custom_margin_last_edited=\u00bbon|phone\u00bb custom_padding=\u00bb|65px||||\u00bb custom_padding_tablet=\u00bb\u00bb custom_padding_phone=\u00bb|0px||4px|false|false\u00bb custom_padding_last_edited=\u00bbon|phone\u00bb animation_style=\u00bbfade\u00bb text_font_size_tablet=\u00bb18px\u00bb text_font_size_phone=\u00bb16px\u00bb text_font_size_last_edited=\u00bbon|phone\u00bb header_2_font_size_tablet=\u00bb47px\u00bb header_2_font_size_phone=\u00bb47px\u00bb header_2_font_size_last_edited=\u00bbon|phone\u00bb]<\/p>\n<div>\n<div data-tid=\"messageBodyContainer\">\n<div data-tid=\"messageBodyContent\"><span data-contrast=\"none\" xml:lang=\"ES-419\" lang=\"ES-419\" class=\"TextRun Highlight SCXW19055964 BCX0\"><span class=\"NormalTextRun SCXW19055964 BCX0\">Nuestra internacionalizaci\u00f3n es impulsada por nuestra firme convicci\u00f3n de extender nuestro impacto y ayudar a un mayor n\u00famero de personas en todo el mundo.\u202f<\/span><\/span><span data-contrast=\"none\" xml:lang=\"ES-419\" lang=\"ES-419\" class=\"TextRun Highlight MacChromeBold SCXW19055964 BCX0\"><span class=\"NormalTextRun SCXW19055964 BCX0\" data-ccp-charstyle=\"Strong\">Queremos llevar nuestra experiencia y conocimientos en el campo de las asistencias y el apoyo a comunidades m\u00e1s all\u00e1 de nuestras fronteras<\/span><\/span><span data-contrast=\"none\" xml:lang=\"ES-419\" lang=\"ES-419\" class=\"TextRun Highlight SCXW19055964 BCX0\"><span class=\"NormalTextRun SCXW19055964 BCX0\">, brindando servicios de calidad en diversas regiones y culturas.<\/span><\/span><span class=\"LineBreakBlob BlobObject DragDrop SCXW19055964 BCX0\"><span class=\"SCXW19055964 BCX0\">\u00a0<\/span><br class=\"SCXW19055964 BCX0\" \/><\/span><\/div>\n<\/div>\n<\/div>\n<div class=\"content-modules\">\n<div class=\"composite-label-title-paragraph \" id=\"p269918-m528-8-529\"><\/div>\n<\/div>\n<div class=\"rrss\">\n<div class=\"fb-like fb_iframe_widget\" data-href=\"http:\/\/negocios.elpais.com.uy\/empresas\/rua-asistencia-anos-innovacion-ininterrumpida.html\" data-width=\"120\" data-layout=\"button_count\" data-action=\"like\" data-size=\"small\" data-show-faces=\"false\" data-share=\"false\" data-colorscheme=\"dark\" fb-xfbml-state=\"rendered\" fb-iframe-plugin-query=\"action=like&amp;app_id=&amp;color_scheme=dark&amp;container_width=580&amp;href=http%3A%2F%2Fnegocios.elpais.com.uy%2Fempresas%2Frua-asistencia-anos-innovacion-ininterrumpida.html&amp;layout=button_count&amp;locale=es_ES&amp;sdk=joey&amp;share=false&amp;show_faces=false&amp;size=small&amp;width=120\"><\/div>\n<\/div>\n<p>[\/et_pb_text][\/et_pb_column][et_pb_column type=&quot;1_3&quot; _builder_version=&quot;3.25&quot; custom_padding=&quot;|||&quot; custom_padding__hover=&quot;|||&quot;][\/et_pb_column][\/et_pb_row][\/et_pb_section][et_pb_section fb_built=&quot;1&quot; custom_padding_last_edited=&quot;on|tablet&quot; admin_label=&quot;Features&quot; _builder_version=&quot;4.7.7&quot; background_enable_image=&quot;off&quot; parallax=&quot;on&quot; parallax_method=&quot;off&quot; custom_margin=&quot;1px|||||&quot; custom_padding=&quot;79px|0px|65px|0px||&quot; custom_padding_tablet=&quot;0px|0px|205px|0px|false|false&quot; custom_padding_phone=&quot;&quot;][et_pb_row column_structure=&quot;1_5,1_5,1_5,1_5,1_5&quot; _builder_version=&quot;4.7.7&quot; width=&quot;60%&quot; custom_margin=&quot;9px|auto||auto||&quot;][et_pb_column type=&quot;1_5&quot; _builder_version=&quot;3.25&quot; custom_padding=&quot;|||&quot; custom_padding__hover=&quot;|||&quot;][et_pb_blurb title=&quot;uruguay&quot; url=&quot;https:\/\/www.rua-asistencia.com.uy\/&quot; image=&quot;https:\/\/www.rua-asistencia.com.uy\/wp-content\/uploads\/sites\/17\/2021\/05\/uruguay-128.png&quot; image_max_width=&quot;100px&quot; _builder_version=&quot;4.7.7&quot; header_font=&quot;Poppins|600||on|||||&quot; header_font_size=&quot;18px&quot; header_line_height=&quot;1.4em&quot; body_font=&quot;||||||||&quot; body_line_height=&quot;1.8em&quot; text_orientation=&quot;center&quot; max_width_last_edited=&quot;off|desktop&quot; animation_style=&quot;fade&quot; animation_delay=&quot;200ms&quot; animation=&quot;off&quot; border_radii_image=&quot;on|14px|14px|14px|14px&quot; border_color_all_image=&quot;rgba(0,0,0,0.1)&quot;][\/et_pb_blurb][\/et_pb_column][et_pb_column type=&quot;1_5&quot; _builder_version=&quot;3.25&quot; custom_padding=&quot;|||&quot; custom_padding__hover=&quot;|||&quot;][et_pb_blurb title=&quot;paraguay&quot; url=&quot;https:\/\/www.rua-asistencia.com.py\/&quot; image=&quot;https:\/\/www.rua-asistencia.com.uy\/wp-content\/uploads\/sites\/17\/2021\/05\/Donde-estamos-RUA-125.png&quot; image_max_width=&quot;100px&quot; _builder_version=&quot;4.7.7&quot; header_font=&quot;Poppins|600||on|||||&quot; header_font_size=&quot;18px&quot; header_line_height=&quot;1.4em&quot; body_font=&quot;||||||||&quot; body_line_height=&quot;1.8em&quot; text_orientation=&quot;center&quot; max_width_last_edited=&quot;off|desktop&quot; animation_style=&quot;fade&quot; animation_delay=&quot;100ms&quot; animation=&quot;off&quot; border_radii_image=&quot;on|14px|14px|14px|14px&quot; border_color_all_image=&quot;rgba(0,0,0,0.1)&quot;][\/et_pb_blurb][\/et_pb_column][et_pb_column type=&quot;1_5&quot; _builder_version=&quot;3.25&quot; custom_padding=&quot;|||&quot; custom_padding__hover=&quot;|||&quot;][et_pb_blurb title=&quot;Argentina&quot; url=&quot;https:\/\/www.rua-asistencia.com.ar\/&quot; image=&quot;https:\/\/www.rua-asistencia.com.uy\/wp-content\/uploads\/sites\/17\/2021\/05\/Donde-estamos-RUA-126.png&quot; image_max_width=&quot;100px&quot; content_max_width=&quot;610px&quot; _builder_version=&quot;4.7.7&quot; header_font=&quot;Poppins|600||on|||||&quot; header_font_size=&quot;18px&quot; header_line_height=&quot;1.4em&quot; body_font=&quot;||||||||&quot; body_line_height=&quot;1.8em&quot; text_orientation=&quot;center&quot; width=&quot;100%&quot; max_width=&quot;100%&quot; max_width_last_edited=&quot;off|desktop&quot; custom_margin=&quot;||||false|false&quot; animation_style=&quot;fade&quot; animation=&quot;off&quot; border_radii_image=&quot;on|17px|17px|17px|17px&quot; border_color_all_image=&quot;rgba(0,0,0,0.1)&quot;][\/et_pb_blurb][\/et_pb_column][et_pb_column type=&quot;1_5&quot; _builder_version=&quot;3.25&quot; custom_padding=&quot;|||&quot; custom_padding__hover=&quot;|||&quot;][et_pb_blurb title=&quot;Colombia&quot; url=&quot;https:\/\/www.rua-asistencia.com.co&quot; image=&quot;https:\/\/www.rua-asistencia.com.uy\/wp-content\/uploads\/sites\/17\/2023\/08\/Colombia.png&quot; image_max_width=&quot;100px&quot; content_max_width=&quot;610px&quot; _builder_version=&quot;4.7.7&quot; header_font=&quot;Poppins|600||on|||||&quot; header_font_size=&quot;18px&quot; header_line_height=&quot;1.4em&quot; body_font=&quot;||||||||&quot; body_line_height=&quot;1.8em&quot; text_orientation=&quot;center&quot; width=&quot;100%&quot; max_width=&quot;100%&quot; max_width_last_edited=&quot;off|desktop&quot; custom_margin=&quot;||||false|false&quot; animation_style=&quot;fade&quot; animation=&quot;off&quot; border_radii_image=&quot;on|17px|17px|17px|17px&quot; border_color_all_image=&quot;rgba(0,0,0,0.1)&quot;][\/et_pb_blurb][\/et_pb_column][et_pb_column type=&quot;1_5&quot; _builder_version=&quot;3.25&quot; custom_padding=&quot;|||&quot; custom_padding__hover=&quot;|||&quot;][et_pb_blurb title=&quot;reino unido&quot; url=&quot;https:\/\/www.rua-assistance.co.uk\/&quot; image=&quot;https:\/\/www.rua-asistencia.com.uy\/wp-content\/uploads\/sites\/17\/2021\/05\/Donde-estamos-RUA-124.png&quot; image_max_width=&quot;100px&quot; _builder_version=&quot;4.7.7&quot; header_font=&quot;Poppins|600||on|||||&quot; header_font_size=&quot;18px&quot; header_line_height=&quot;1.4em&quot; body_font=&quot;||||||||&quot; body_line_height=&quot;1.8em&quot; text_orientation=&quot;center&quot; max_width_last_edited=&quot;off|desktop&quot; animation_style=&quot;fade&quot; animation_delay=&quot;200ms&quot; animation=&quot;off&quot; border_radii_image=&quot;on|14px|14px|14px|14px&quot; border_color_all_image=&quot;rgba(0,0,0,0.1)&quot;][\/et_pb_blurb][\/et_pb_column][\/et_pb_row][\/et_pb_section][et_pb_section fb_built=&quot;1&quot; fullwidth=&quot;on&quot; _builder_version=&quot;4.7.7&quot; _module_preset=&quot;default&quot; custom_padding=&quot;30px||30px||false|false&quot;][et_pb_fullwidth_image src=&quot;https:\/\/www.rua-asistencia.com.uy\/wp-content\/uploads\/sites\/17\/2023\/10\/Mapa.png&quot; title_text=&quot;Mapa&quot; _builder_version=&quot;4.7.7&quot; _module_preset=&quot;default&quot; width=&quot;77%&quot; module_alignment=&quot;right&quot;][\/et_pb_fullwidth_image][\/et_pb_section]<\/p>\n","protected":false},"excerpt":{"rendered":"<p>[et_pb_section fb_built=&quot;1&quot; custom_padding_last_edited=&quot;on|tablet&quot; admin_label=&quot;Hero&quot; _builder_version=&quot;4.7.7&quot; background_color=&quot;#e2e2e2&quot; background_color_gradient_direction=&quot;60deg&quot; background_image=&quot;https:\/\/www.rua-asistencia.com.uy\/wp-content\/uploads\/sites\/17\/2023\/10\/Banner-final-hub-de-innovacio%CC%81n.png&quot; background_position=&quot;top_center&quot; min_height=&quot;614px&quot; custom_margin=&quot;||-9px|||&quot; custom_padding=&quot;180px|0px|0px|0px||&quot; custom_padding_tablet=&quot;134px||||false|false&quot; custom_padding_phone=&quot;121px||||false|false&quot; background_last_edited=&quot;on|phone&quot; parallax_phone=&quot;off&quot; parallax_method_phone=&quot;on&quot; background_size_phone=&quot;initial&quot; background_position_phone=&quot;bottom_left&quot;][et_pb_row column_structure=&quot;2_3,1_3&quot; _builder_version=&quot;3.25&quot; custom_padding=&quot;||0px|||&quot;][et_pb_column type=&quot;2_3&quot; _builder_version=&quot;3.25&quot; custom_padding=&quot;||60px|&quot; custom_padding__hover=&quot;|||&quot;][et_pb_text _builder_version=&quot;4.7.7&quot; text_font=&quot;Open Sans|600|||||||&quot; text_font_size=&quot;16px&quot; text_line_height=&quot;1.8em&quot; header_font=&quot;Poppins|300|||||||&quot; header_text_color=&quot;#ffffff&quot; header_font_size=&quot;79px&quot; header_line_height=&quot;1.1em&quot; background_layout=&quot;dark&quot; max_width=&quot;700px&quot; custom_margin=&quot;|-587px|-2px|||&quot; custom_margin_tablet=&quot;|20px|||false|false&quot; custom_margin_phone=&quot;|29px|||false|false&quot; custom_margin_last_edited=&quot;on|phone&quot; custom_padding=&quot;|54px||||&quot; animation_direction=&quot;left&quot; hover_enabled=&quot;0&quot; header_font_size_tablet=&quot;46px&quot; header_font_size_phone=&quot;44px&quot; header_font_size_last_edited=&quot;on|desktop&quot; header_font_size__hover_enabled=&quot;on|desktop&quot; sticky_enabled=&quot;0&quot;] Por el mundo [\/et_pb_text][et_pb_text _builder_version=\u00bb4.7.7&#8243; text_font=\u00bb||||||||\u00bb [&hellip;]<\/p>\n","protected":false},"author":1,"featured_media":0,"parent":0,"menu_order":0,"comment_status":"closed","ping_status":"closed","template":"","meta":{"_et_pb_use_builder":"on","_et_pb_old_content":"","_et_gb_content_width":"","footnotes":""},"class_list":["post-1736","page","type-page","status-publish","hentry"],"_links":{"self":[{"href":"https:\/\/www.rua-asistencia.com.uy\/index.php\/wp-json\/wp\/v2\/pages\/1736","targetHints":{"allow":["GET"]}}],"collection":[{"href":"https:\/\/www.rua-asistencia.com.uy\/index.php\/wp-json\/wp\/v2\/pages"}],"about":[{"href":"https:\/\/www.rua-asistencia.com.uy\/index.php\/wp-json\/wp\/v2\/types\/page"}],"author":[{"embeddable":true,"href":"https:\/\/www.rua-asistencia.com.uy\/index.php\/wp-json\/wp\/v2\/users\/1"}],"replies":[{"embeddable":true,"href":"https:\/\/www.rua-asistencia.com.uy\/index.php\/wp-json\/wp\/v2\/comments?post=1736"}],"version-history":[{"count":0,"href":"https:\/\/www.rua-asistencia.com.uy\/index.php\/wp-json\/wp\/v2\/pages\/1736\/revisions"}],"wp:attachment":[{"href":"https:\/\/www.rua-asistencia.com.uy\/index.php\/wp-json\/wp\/v2\/media?parent=1736"}],"curies":[{"name":"wp","href":"https:\/\/api.w.org\/{rel}","templated":true}]}}