{"id":58,"date":"2021-01-13T11:50:45","date_gmt":"2021-01-13T14:50:45","guid":{"rendered":"http:\/\/desarrollo.rua-asistencia.com\/uruguay\/?page_id=58"},"modified":"2021-01-13T11:50:45","modified_gmt":"2021-01-13T14:50:45","slug":"propuesta-de-valor","status":"publish","type":"page","link":"https:\/\/www.rua-asistencia.com.uy\/index.php\/propuesta-de-valor\/","title":{"rendered":"Servicios"},"content":{"rendered":"<p>[et_pb_section fb_built=\u00bb1&#8243; admin_label=\u00bbHero\u00bb _builder_version=\u00bb4.7.7&#8243; background_color_gradient_direction=\u00bb60deg\u00bb background_image=\u00bbhttp:\/\/desarrollo.rua-asistencia.com\/uruguay\/wp-content\/uploads\/sites\/17\/2021\/01\/rua-asistencia-10-1.png\u00bb width=\u00bb100%\u00bb max_width=\u00bb100%\u00bb min_height=\u00bb1000px\u00bb custom_margin=\u00bb0px||||false|false\u00bb custom_padding=\u00bb157px|0px|100px|0px||\u00bb animation_style=\u00bbfade\u00bb animation_direction=\u00bbleft\u00bb][et_pb_row column_structure=\u00bb2_3,1_3&#8243; _builder_version=\u00bb3.25&#8243; custom_margin=\u00bb|auto||244px||\u00bb custom_padding=\u00bb57px|||||\u00bb][et_pb_column type=\u00bb2_3&#8243; _builder_version=\u00bb3.25&#8243; custom_padding=\u00bb||60px|\u00bb custom_padding__hover=\u00bb|||\u00bb][et_pb_text _builder_version=\u00bb4.7.7&#8243; text_font=\u00bbOpen Sans|600|||||||\u00bb text_font_size=\u00bb16px\u00bb text_line_height=\u00bb1.8em\u00bb header_font=\u00bbPoppins||||||||\u00bb header_text_color=\u00bb#000080&#8243; header_font_size=\u00bb64px\u00bb header_line_height=\u00bb1.4em\u00bb background_layout=\u00bbdark\u00bb max_width=\u00bb550px\u00bb animation_style=\u00bbslide\u00bb animation_direction=\u00bbleft\u00bb]<\/p>\n<h1><span>Una <strong>soluci\u00f3n para cada necesidad.<\/strong><\/span><\/h1>\n<p>[\/et_pb_text][et_pb_button button_text=\u00bbGet Started\u00bb button_alignment=\u00bbleft\u00bb disabled_on=\u00bbon|on|on\u00bb _builder_version=\u00bb4.7.7&#8243; custom_button=\u00bbon\u00bb button_text_size=\u00bb14px\u00bb button_text_color=\u00bb#ffffff\u00bb button_bg_color=\u00bb#2b9cf2&#8243; button_border_width=\u00bb0px\u00bb button_border_radius=\u00bb100px\u00bb button_letter_spacing=\u00bb1px\u00bb button_font=\u00bbPoppins|600||on|||||\u00bb button_use_icon=\u00bboff\u00bb background_layout=\u00bbdark\u00bb custom_padding=\u00bb10px|30px|10px|30px\u00bb animation_style=\u00bbfade\u00bb box_shadow_style=\u00bbpreset3&#8243; box_shadow_vertical=\u00bb8px\u00bb box_shadow_color=\u00bbrgba(0,137,242,0.61)\u00bb button_letter_spacing_hover=\u00bb1px\u00bb disabled=\u00bbon\u00bb button_text_size__hover_enabled=\u00bboff\u00bb button_one_text_size__hover_enabled=\u00bboff\u00bb button_two_text_size__hover_enabled=\u00bboff\u00bb button_text_color__hover_enabled=\u00bboff\u00bb button_one_text_color__hover_enabled=\u00bboff\u00bb button_two_text_color__hover_enabled=\u00bboff\u00bb button_border_width__hover_enabled=\u00bboff\u00bb button_one_border_width__hover_enabled=\u00bboff\u00bb button_two_border_width__hover_enabled=\u00bboff\u00bb button_border_color__hover_enabled=\u00bboff\u00bb button_one_border_color__hover_enabled=\u00bboff\u00bb button_two_border_color__hover_enabled=\u00bboff\u00bb button_border_radius__hover_enabled=\u00bboff\u00bb button_one_border_radius__hover_enabled=\u00bboff\u00bb button_two_border_radius__hover_enabled=\u00bboff\u00bb button_letter_spacing__hover_enabled=\u00bbon\u00bb button_letter_spacing__hover=\u00bb1px\u00bb button_one_letter_spacing__hover_enabled=\u00bboff\u00bb button_two_letter_spacing__hover_enabled=\u00bboff\u00bb button_bg_color__hover_enabled=\u00bboff\u00bb button_one_bg_color__hover_enabled=\u00bboff\u00bb button_two_bg_color__hover_enabled=\u00bboff\u00bb][\/et_pb_button][\/et_pb_column][et_pb_column type=\u00bb1_3&#8243; _builder_version=\u00bb3.25&#8243; custom_padding=\u00bb|||\u00bb custom_padding__hover=\u00bb|||\u00bb][\/et_pb_column][\/et_pb_row][\/et_pb_section][et_pb_section fb_built=\u00bb1&#8243; admin_label=\u00bbFeatures\u00bb _builder_version=\u00bb4.7.7&#8243; background_enable_image=\u00bboff\u00bb background_position=\u00bbtop_left\u00bb custom_padding=\u00bb153px|0px|100px|0px||\u00bb][et_pb_row column_structure=\u00bb1_3,1_3,1_3&#8243; _builder_version=\u00bb4.7.7&#8243; width=\u00bb70%\u00bb animation_style=\u00bbslide\u00bb animation_direction=\u00bbbottom\u00bb][et_pb_column type=\u00bb1_3&#8243; _builder_version=\u00bb3.25&#8243; custom_padding=\u00bb|||\u00bb custom_padding__hover=\u00bb|||\u00bb][et_pb_blurb title=\u00bbhogar\u00bb image=\u00bbhttp:\/\/desarrollo.rua-asistencia.com\/uruguay\/wp-content\/uploads\/sites\/17\/2021\/01\/Servicios-Rua-17.png\u00bb icon_alignment=\u00bbleft\u00bb image_max_width=\u00bb45%\u00bb _builder_version=\u00bb4.7.7&#8243; header_font=\u00bbPoppins|600||on|||||\u00bb header_text_align=\u00bbleft\u00bb header_text_color=\u00bb#000080&#8243; header_font_size=\u00bb20px\u00bb header_line_height=\u00bb1.4em\u00bb body_font=\u00bb||||||||\u00bb body_text_align=\u00bbleft\u00bb body_font_size=\u00bb16px\u00bb body_line_height=\u00bb1.8em\u00bb text_orientation=\u00bbcenter\u00bb max_width_last_edited=\u00bboff|desktop\u00bb animation_style=\u00bbfade\u00bb animation=\u00bboff\u00bb border_radii_image=\u00bbon|3px|3px|3px|3px\u00bb border_color_all_image=\u00bbrgba(0,0,0,0.1)\u00bb]<\/p>\n<p>Ponemos a disposici\u00f3n un equipo de profesionales para resolver cualquier problema que pueda surgir en el hogar las 24 horas, los 365 d\u00edas del a\u00f1o. Sanitaria, Cerrajer\u00eda, Electricidad, reparaciones varias y armado de muebles, entre otras prestaciones.<\/p>\n<p>&nbsp;<\/p>\n<p>[\/et_pb_blurb][\/et_pb_column][et_pb_column type=\u00bb1_3&#8243; _builder_version=\u00bb3.25&#8243; custom_padding=\u00bb|||\u00bb custom_padding__hover=\u00bb|||\u00bb][et_pb_blurb title=\u00bbpersonas\u00bb image=\u00bbhttp:\/\/desarrollo.rua-asistencia.com\/uruguay\/wp-content\/uploads\/sites\/17\/2021\/01\/Servicios-Rua-25.png\u00bb icon_alignment=\u00bbleft\u00bb image_max_width=\u00bb45%\u00bb _builder_version=\u00bb4.7.7&#8243; header_font=\u00bbPoppins|600||on|||||\u00bb header_text_align=\u00bbleft\u00bb header_text_color=\u00bb#000080&#8243; header_font_size=\u00bb20px\u00bb header_line_height=\u00bb1.4em\u00bb body_font=\u00bb||||||||\u00bb body_text_align=\u00bbleft\u00bb body_font_size=\u00bb16px\u00bb body_line_height=\u00bb1.8em\u00bb text_orientation=\u00bbcenter\u00bb max_width_last_edited=\u00bboff|desktop\u00bb animation_style=\u00bbfade\u00bb animation_delay=\u00bb100ms\u00bb animation=\u00bboff\u00bb border_radii_image=\u00bboff|2px|2px|2px|2px\u00bb border_color_all_image=\u00bbrgba(0,0,0,0.1)\u00bb]<\/p>\n<p class=\"text description\">Brindamos un conjunto de soluciones pensadas en satisfacer las necesidades de las personas. Servicios f\u00fanebres, informaci\u00f3n en l\u00ednea 24 hs, asistencia escolar, asistencia legal y servicios de concierge, entre otros.<\/p>\n<p>[\/et_pb_blurb][\/et_pb_column][et_pb_column type=\u00bb1_3&#8243; _builder_version=\u00bb3.25&#8243; custom_padding=\u00bb|||\u00bb custom_padding__hover=\u00bb|||\u00bb][et_pb_blurb title=\u00bbsalud\u00bb image=\u00bbhttp:\/\/desarrollo.rua-asistencia.com\/uruguay\/wp-content\/uploads\/sites\/17\/2021\/01\/Servicios-Rua-18.png\u00bb icon_alignment=\u00bbleft\u00bb image_max_width=\u00bb47%\u00bb _builder_version=\u00bb4.7.7&#8243; header_font=\u00bbPoppins|600||on|||||\u00bb header_text_align=\u00bbleft\u00bb header_text_color=\u00bb#000080&#8243; header_font_size=\u00bb20px\u00bb header_line_height=\u00bb1.4em\u00bb body_font=\u00bb||||||||\u00bb body_text_align=\u00bbleft\u00bb body_font_size=\u00bb16px\u00bb body_line_height=\u00bb1.8em\u00bb text_orientation=\u00bbcenter\u00bb max_width_last_edited=\u00bboff|desktop\u00bb animation_style=\u00bbfade\u00bb animation_delay=\u00bb200ms\u00bb animation=\u00bboff\u00bb border_radii_image=\u00bbon|30px|30px|30px|30px\u00bb border_color_all_image=\u00bbrgba(0,0,0,0.1)\u00bb locked=\u00bboff\u00bb]<\/p>\n<p>Nuestra asistencia en salud incluye Telemedicina, Servicio de acompa\u00f1ante, Odontolog\u00eda, Consejo m\u00e9dico telef\u00f3nico, Coordinaci\u00f3n de consultas m\u00e9dicas, env\u00edo de ambulancias y m\u00e9dicos, Informaci\u00f3n m\u00e9dica las 24 horas y mucho m\u00e1s.<\/p>\n<p>[\/et_pb_blurb][\/et_pb_column][\/et_pb_row][et_pb_row column_structure=\u00bb1_3,1_3,1_3&#8243; _builder_version=\u00bb4.7.7&#8243; width=\u00bb70%\u00bb animation_style=\u00bbslide\u00bb animation_direction=\u00bbbottom\u00bb][et_pb_column type=\u00bb1_3&#8243; _builder_version=\u00bb3.25&#8243; custom_padding=\u00bb|||\u00bb custom_padding__hover=\u00bb|||\u00bb][et_pb_blurb title=\u00bbvehicular\u00bb image=\u00bbhttp:\/\/desarrollo.rua-asistencia.com\/uruguay\/wp-content\/uploads\/sites\/17\/2021\/01\/Servicios-Rua-21-1.png\u00bb icon_alignment=\u00bbleft\u00bb image_max_width=\u00bb41%\u00bb _builder_version=\u00bb4.7.7&#8243; header_font=\u00bbPoppins|600||on|||||\u00bb header_text_align=\u00bbleft\u00bb header_text_color=\u00bb#000080&#8243; header_font_size=\u00bb20px\u00bb header_line_height=\u00bb1.4em\u00bb body_font=\u00bb||||||||\u00bb body_font_size=\u00bb16px\u00bb body_line_height=\u00bb1.8em\u00bb text_orientation=\u00bbcenter\u00bb max_width_last_edited=\u00bboff|desktop\u00bb animation_style=\u00bbfade\u00bb animation_delay=\u00bb200ms\u00bb animation=\u00bboff\u00bb border_radii_image=\u00bboff|2px|2px|2px|2px\u00bb border_color_all_image=\u00bbrgba(0,0,0,0.1)\u00bb locked=\u00bboff\u00bb]<\/p>\n<p style=\"text-align: left;\">Ponemos a disposici\u00f3n el mejor servicio de asistencia vehicular del Uruguay, con m\u00e1s de 20 a\u00f1os de experiencia.\u00a0El servicio es brindado en todo nuestro pa\u00eds, Mercosur y Chile las 24 horas, los 365 d\u00edas del a\u00f1o.<\/p>\n<p>[\/et_pb_blurb][\/et_pb_column][et_pb_column type=\u00bb1_3&#8243; _builder_version=\u00bb3.25&#8243; custom_padding=\u00bb|||\u00bb custom_padding__hover=\u00bb|||\u00bb][et_pb_blurb title=\u00bbriesgos especiales\u00bb image=\u00bbhttp:\/\/desarrollo.rua-asistencia.com\/uruguay\/wp-content\/uploads\/sites\/17\/2021\/01\/Servicios-Rua-19.png\u00bb icon_alignment=\u00bbleft\u00bb image_max_width=\u00bb47%\u00bb _builder_version=\u00bb4.7.7&#8243; header_font=\u00bbPoppins|600||on|||||\u00bb header_text_color=\u00bb#000080&#8243; header_font_size=\u00bb20px\u00bb header_line_height=\u00bb1.4em\u00bb body_font=\u00bb||||||||\u00bb body_font_size=\u00bb16px\u00bb body_line_height=\u00bb1.8em\u00bb max_width_last_edited=\u00bboff|desktop\u00bb animation_style=\u00bbfade\u00bb animation=\u00bboff\u00bb border_radii_image=\u00bbon|6px|6px|6px|6px\u00bb border_color_all_image=\u00bbrgba(0,0,0,0.1)\u00bb locked=\u00bboff\u00bb]<\/p>\n<p class=\"text description\" style=\"text-align: left;\">A trav\u00e9s de asociaciones con compa\u00f1\u00edas de seguros, brindamos protecci\u00f3n especial a los empleados, a sus bienes patrimoniales, protegemos sus compras realizadas con tarjetas de cr\u00e9dito y ofrecemos garant\u00eda extendida a electrodom\u00e9sticos.<\/p>\n<p>[\/et_pb_blurb][\/et_pb_column][et_pb_column type=\u00bb1_3&#8243; _builder_version=\u00bb3.25&#8243; custom_padding=\u00bb|||\u00bb custom_padding__hover=\u00bb|||\u00bb][et_pb_blurb title=\u00bbtecnolog\u00eda\u00bb image=\u00bbhttp:\/\/desarrollo.rua-asistencia.com\/uruguay\/wp-content\/uploads\/sites\/17\/2021\/01\/Servicios-Rua-23.png\u00bb icon_alignment=\u00bbleft\u00bb image_max_width=\u00bb40%\u00bb _builder_version=\u00bb4.7.7&#8243; header_font=\u00bbPoppins|600||on|||||\u00bb header_text_align=\u00bbleft\u00bb header_text_color=\u00bb#000080&#8243; header_font_size=\u00bb20px\u00bb header_line_height=\u00bb1.4em\u00bb body_font=\u00bb||||||||\u00bb body_text_align=\u00bbleft\u00bb body_font_size=\u00bb16px\u00bb body_line_height=\u00bb1.8em\u00bb text_orientation=\u00bbcenter\u00bb max_width_last_edited=\u00bboff|desktop\u00bb animation_style=\u00bbfade\u00bb animation_delay=\u00bb100ms\u00bb animation=\u00bboff\u00bb border_radii_image=\u00bbon|8px|8px|8px|8px\u00bb border_color_all_image=\u00bbrgba(0,0,0,0.1)\u00bb locked=\u00bboff\u00bb]<\/p>\n<p class=\"text description\">Desarrollamos productos innovadores para satisfacer problemas o necesidades asociadas a Protecci\u00f3n de da\u00f1os, Garant\u00eda extendida, Comodato, Recupero de datos, Cobertura por hurto, as\u00ed como desarrollo de p\u00e1ginas<span style=\"font-size: 16px;\">\u00a0webs, soporte t\u00e9cnico y soluciones de GPS.<\/span><\/p>\n<p>[\/et_pb_blurb][\/et_pb_column][\/et_pb_row][et_pb_row column_structure=\u00bb1_3,1_3,1_3&#8243; _builder_version=\u00bb4.7.7&#8243; width=\u00bb70%\u00bb animation_style=\u00bbslide\u00bb animation_direction=\u00bbbottom\u00bb][et_pb_column type=\u00bb1_3&#8243; _builder_version=\u00bb3.25&#8243; custom_padding=\u00bb|||\u00bb custom_padding__hover=\u00bb|||\u00bb][et_pb_blurb title=\u00bbviajes\u00bb image=\u00bbhttp:\/\/desarrollo.rua-asistencia.com\/uruguay\/wp-content\/uploads\/sites\/17\/2021\/01\/Servicios-Rua-22.png\u00bb icon_alignment=\u00bbleft\u00bb image_max_width=\u00bb41%\u00bb _builder_version=\u00bb4.7.7&#8243; header_font=\u00bbPoppins|600||on|||||\u00bb header_text_align=\u00bbleft\u00bb header_text_color=\u00bb#000080&#8243; header_font_size=\u00bb20px\u00bb header_line_height=\u00bb1.4em\u00bb body_font=\u00bb||||||||\u00bb body_text_align=\u00bbleft\u00bb body_font_size=\u00bb16px\u00bb body_line_height=\u00bb1.8em\u00bb text_orientation=\u00bbcenter\u00bb max_width_last_edited=\u00bboff|desktop\u00bb animation_style=\u00bbfade\u00bb animation_delay=\u00bb200ms\u00bb animation=\u00bboff\u00bb border_radii_image=\u00bbon|7px|7px|7px|7px\u00bb border_color_all_image=\u00bbrgba(0,0,0,0.1)\u00bb locked=\u00bboff\u00bb]<\/p>\n<p class=\"text description\">Disponibilizamos paquetes de Turismo nacional e internacional con traslados terrestres y a\u00e9reos. Generamos alianzas mundiales con las m\u00e1s prestigiosas redes de prestadores de servicio en las \u00e1reas de salud, comunicaciones, legal, traslados y seguros. Contamos con el respaldo de Arch Capital group.<\/p>\n<p>[\/et_pb_blurb][\/et_pb_column][et_pb_column type=\u00bb1_3&#8243; _builder_version=\u00bb3.25&#8243; custom_padding=\u00bb|||\u00bb custom_padding__hover=\u00bb|||\u00bb][et_pb_blurb title=\u00bbmascotas\u00bb image=\u00bbhttp:\/\/desarrollo.rua-asistencia.com\/uruguay\/wp-content\/uploads\/sites\/17\/2021\/01\/Servicios-Rua-20.png\u00bb icon_alignment=\u00bbleft\u00bb image_max_width=\u00bb45%\u00bb _builder_version=\u00bb4.7.7&#8243; header_font=\u00bbPoppins|600||on|||||\u00bb header_text_align=\u00bbleft\u00bb header_text_color=\u00bb#000080&#8243; header_font_size=\u00bb20px\u00bb header_line_height=\u00bb1.4em\u00bb body_font=\u00bb||||||||\u00bb body_text_align=\u00bbleft\u00bb body_font_size=\u00bb16px\u00bb body_line_height=\u00bb1.8em\u00bb text_orientation=\u00bbcenter\u00bb max_width_last_edited=\u00bboff|desktop\u00bb animation_style=\u00bbfade\u00bb animation_delay=\u00bb200ms\u00bb animation=\u00bboff\u00bb border_radii_image=\u00bbon|7px|7px|7px|7px\u00bb border_color_all_image=\u00bbrgba(0,0,0,0.1)\u00bb locked=\u00bboff\u00bb]<\/p>\n<p>Asistencia para animales dom\u00e9sticos donde las mascotas estar\u00e1n siempre protegidas. Ofrecemos un conjunto de servicios para ayudar a satisfacer todas las necesidades que se presenten ante cualquier circunstancia.<\/p>\n<p>[\/et_pb_blurb][\/et_pb_column][et_pb_column type=\u00bb1_3&#8243; _builder_version=\u00bb3.25&#8243; custom_padding=\u00bb|||\u00bb custom_padding__hover=\u00bb|||\u00bb][et_pb_blurb title=\u00bbBPO | contact center\u00bb image=\u00bbhttp:\/\/desarrollo.rua-asistencia.com\/uruguay\/wp-content\/uploads\/sites\/17\/2021\/01\/Servicios-Rua-42-42.png\u00bb icon_alignment=\u00bbleft\u00bb image_max_width=\u00bb43%\u00bb _builder_version=\u00bb4.7.7&#8243; header_font=\u00bbPoppins|600||on|||||\u00bb header_text_align=\u00bbleft\u00bb header_text_color=\u00bb#000080&#8243; header_font_size=\u00bb20px\u00bb header_line_height=\u00bb1.4em\u00bb body_font=\u00bb||||||||\u00bb body_text_align=\u00bbleft\u00bb body_font_size=\u00bb16px\u00bb body_line_height=\u00bb1.8em\u00bb text_orientation=\u00bbcenter\u00bb max_width_last_edited=\u00bboff|desktop\u00bb animation_style=\u00bbfade\u00bb animation_delay=\u00bb200ms\u00bb animation=\u00bboff\u00bb border_radii_image=\u00bbon|7px|7px|7px|7px\u00bb border_color_all_image=\u00bbrgba(0,0,0,0.1)\u00bb locked=\u00bboff\u00bb]<\/p>\n<p class=\"text description\">Ofrecemos la posibilidad de tercerizar la atenci\u00f3n de sus procesos de negocio en nuestro moderno Contact Center.\u00a0<\/p>\n<p>[\/et_pb_blurb][\/et_pb_column][\/et_pb_row][\/et_pb_section][et_pb_section fb_built=\u00bb1&#8243; _builder_version=\u00bb4.7.7&#8243; background_enable_color=\u00bboff\u00bb background_image=\u00bbhttp:\/\/desarrollo.rua-asistencia.com\/uruguay\/wp-content\/uploads\/sites\/17\/2021\/01\/Rua-asistencia-fondo3.png\u00bb parallax=\u00bbon\u00bb parallax_method=\u00bboff\u00bb module_alignment=\u00bbcenter\u00bb min_height=\u00bb1021.4px\u00bb custom_padding=\u00bb100px|0px|1px|0px||\u00bb][et_pb_row column_structure=\u00bb1_2,1_2&#8243; module_class=\u00bb et_pb_row_fullwidth\u00bb _builder_version=\u00bb3.25&#8243; width=\u00bb68%\u00bb width_tablet=\u00bb80%\u00bb width_phone=\u00bb\u00bb width_last_edited=\u00bbon|desktop\u00bb max_width=\u00bb89%\u00bb max_width_tablet=\u00bb80%\u00bb max_width_phone=\u00bb\u00bb max_width_last_edited=\u00bbon|desktop\u00bb min_height=\u00bb661.4px\u00bb custom_margin=\u00bb|auto|74px|auto||\u00bb custom_padding=\u00bb6px||0px|||\u00bb make_fullwidth=\u00bbon\u00bb][et_pb_column type=\u00bb1_2&#8243; _builder_version=\u00bb3.25&#8243; custom_padding=\u00bb|||\u00bb custom_padding__hover=\u00bb|||\u00bb][et_pb_image src=\u00bbhttp:\/\/desarrollo.rua-asistencia.com\/uruguay\/wp-content\/uploads\/sites\/17\/2021\/01\/Somos-Rua-2.png\u00bb title_text=\u00bbSomos-Rua\u00bb align_tablet=\u00bbcenter\u00bb align_phone=\u00bb\u00bb align_last_edited=\u00bbon|phone\u00bb _builder_version=\u00bb4.7.7&#8243; transform_translate=\u00bb7px|-18px\u00bb width=\u00bb100%\u00bb max_width=\u00bb100%\u00bb module_alignment=\u00bbcenter\u00bb animation_style=\u00bbfade\u00bb locked=\u00bboff\u00bb][\/et_pb_image][\/et_pb_column][et_pb_column type=\u00bb1_2&#8243; _builder_version=\u00bb3.25&#8243; custom_padding=\u00bb|||\u00bb custom_padding__hover=\u00bb|||\u00bb][et_pb_text _builder_version=\u00bb4.7.7&#8243; text_font=\u00bb||||||||\u00bb text_font_size=\u00bb16px\u00bb text_line_height=\u00bb1.8em\u00bb header_font=\u00bb||||||||\u00bb header_2_font=\u00bbPoppins||||||||\u00bb header_2_text_color=\u00bb#727272&#8243; header_2_font_size=\u00bb40px\u00bb header_2_line_height=\u00bb1.4em\u00bb header_3_font=\u00bb||||||||\u00bb max_width=\u00bb726px\u00bb module_alignment=\u00bbcenter\u00bb custom_margin=\u00bb|||216px||\u00bb custom_padding=\u00bb|0px||||\u00bb animation_style=\u00bbslide\u00bb animation_direction=\u00bbright\u00bb locked=\u00bboff\u00bb]<\/p>\n<h2><span style=\"color: #606060;\"><\/span><\/h2>\n<h2><span style=\"color: #606060;\"><\/span><\/h2>\n<h2><span style=\"color: #606060;\"><\/span><\/h2>\n<h2><span style=\"color: #606060;\">M\u00e1s de<span style=\"color: #ff542c;\"><strong> 1.000.000 de asistencias<\/strong><\/span> realizadas a\u00a0<span style=\"color: #ff542c;\"><strong>600.000 personas<\/strong><\/span>,\u00a0hacen de nosotros un socio ideal de negocios.<\/span><\/h2>\n<p>&nbsp;<\/p>\n<p>[\/et_pb_text][\/et_pb_column][\/et_pb_row][\/et_pb_section][et_pb_section fb_built=\u00bb1&#8243; prev_background_color=\u00bb#ffffff\u00bb disabled_on=\u00bboff|off|off\u00bb admin_label=\u00bbTry it Free\u00bb _builder_version=\u00bb4.7.7&#8243; background_color=\u00bb#ffffff\u00bb background_image=\u00bbhttp:\/\/desarrollo.rua-asistencia.com\/uruguay\/wp-content\/uploads\/sites\/17\/2021\/01\/Recursos-nueva-identidad6.png\u00bb custom_padding=\u00bb312px|0px|100px|0px||\u00bb top_divider_style=\u00bbcurve\u00bb top_divider_flip=\u00bbvertical\u00bb][et_pb_row column_structure=\u00bb1_4,1_2,1_4&#8243; disabled_on=\u00bbon|on|on\u00bb _builder_version=\u00bb4.7.7&#8243; disabled=\u00bbon\u00bb][et_pb_column type=\u00bb1_4&#8243; _builder_version=\u00bb3.25&#8243; custom_padding=\u00bb|||\u00bb custom_padding__hover=\u00bb|||\u00bb][\/et_pb_column][et_pb_column type=\u00bb1_2&#8243; _builder_version=\u00bb3.25&#8243; custom_padding=\u00bb|||\u00bb custom_padding__hover=\u00bb|||\u00bb][et_pb_signup mailchimp_list=\u00bbSlavaET|03dac884f0&#8243; name_field=\u00bbon\u00bb title=\u00bbSubscribe for a Free Trial!\u00bb button_text=\u00bbSubmit\u00bb _builder_version=\u00bb3.23&#8243; header_font=\u00bbPoppins||||||||\u00bb header_line_height=\u00bb1.4em\u00bb use_background_color=\u00bboff\u00bb custom_button=\u00bbon\u00bb button_text_size=\u00bb14px\u00bb button_text_color=\u00bb#ffffff\u00bb button_bg_color=\u00bb#2b9cf2&#8243; button_border_width=\u00bb6px\u00bb button_border_color=\u00bb#2b9cf2&#8243; button_border_radius=\u00bb100px\u00bb button_letter_spacing=\u00bb1px\u00bb button_font=\u00bbPoppins|600||on|||||\u00bb button_use_icon=\u00bboff\u00bb text_orientation=\u00bbcenter\u00bb animation_style=\u00bbfade\u00bb button_letter_spacing_tablet=\u00bb\u00bb button_letter_spacing_phone=\u00bb\u00bb button_letter_spacing_last_edited=\u00bbon|desktop\u00bb border_radii_fields=\u00bbon|100px|100px|100px|100px\u00bb locked=\u00bboff\u00bb button_text_size__hover_enabled=\u00bboff\u00bb button_one_text_size__hover_enabled=\u00bboff\u00bb button_two_text_size__hover_enabled=\u00bboff\u00bb button_text_color__hover_enabled=\u00bboff\u00bb button_one_text_color__hover_enabled=\u00bboff\u00bb button_two_text_color__hover_enabled=\u00bboff\u00bb button_border_width__hover_enabled=\u00bboff\u00bb button_one_border_width__hover_enabled=\u00bboff\u00bb button_two_border_width__hover_enabled=\u00bboff\u00bb button_border_color__hover_enabled=\u00bboff\u00bb button_one_border_color__hover_enabled=\u00bboff\u00bb button_two_border_color__hover_enabled=\u00bboff\u00bb button_border_radius__hover_enabled=\u00bboff\u00bb button_one_border_radius__hover_enabled=\u00bboff\u00bb button_two_border_radius__hover_enabled=\u00bboff\u00bb button_letter_spacing__hover_enabled=\u00bboff\u00bb button_one_letter_spacing__hover_enabled=\u00bboff\u00bb button_two_letter_spacing__hover_enabled=\u00bboff\u00bb button_bg_color__hover_enabled=\u00bboff\u00bb button_one_bg_color__hover_enabled=\u00bboff\u00bb button_two_bg_color__hover_enabled=\u00bboff\u00bb][\/et_pb_signup][et_pb_text _builder_version=\u00bb3.27.4&#8243; text_font=\u00bb||||||||\u00bb text_text_color=\u00bb#7a7a7a\u00bb text_orientation=\u00bbcenter\u00bb background_layout=\u00bbdark\u00bb]We promise we don&#8217;t send spam<br \/>\n[\/et_pb_text][\/et_pb_column][et_pb_column type=\u00bb1_4&#8243; _builder_version=\u00bb3.25&#8243; custom_padding=\u00bb|||\u00bb custom_padding__hover=\u00bb|||\u00bb][\/et_pb_column][\/et_pb_row][\/et_pb_section]<\/p>\n","protected":false},"excerpt":{"rendered":"<p>[et_pb_section fb_built=\u00bb1&#8243; admin_label=\u00bbHero\u00bb _builder_version=\u00bb4.7.7&#8243; background_color_gradient_direction=\u00bb60deg\u00bb background_image=\u00bbhttp:\/\/desarrollo.rua-asistencia.com\/uruguay\/wp-content\/uploads\/sites\/17\/2021\/01\/rua-asistencia-10-1.png\u00bb width=\u00bb100%\u00bb max_width=\u00bb100%\u00bb min_height=\u00bb1000px\u00bb custom_margin=\u00bb0px||||false|false\u00bb custom_padding=\u00bb157px|0px|100px|0px||\u00bb animation_style=\u00bbfade\u00bb animation_direction=\u00bbleft\u00bb][et_pb_row column_structure=\u00bb2_3,1_3&#8243; _builder_version=\u00bb3.25&#8243; custom_margin=\u00bb|auto||244px||\u00bb custom_padding=\u00bb57px|||||\u00bb][et_pb_column type=\u00bb2_3&#8243; _builder_version=\u00bb3.25&#8243; custom_padding=\u00bb||60px|\u00bb custom_padding__hover=\u00bb|||\u00bb][et_pb_text _builder_version=\u00bb4.7.7&#8243; text_font=\u00bbOpen Sans|600|||||||\u00bb text_font_size=\u00bb16px\u00bb text_line_height=\u00bb1.8em\u00bb header_font=\u00bbPoppins||||||||\u00bb header_text_color=\u00bb#000080&#8243; header_font_size=\u00bb64px\u00bb header_line_height=\u00bb1.4em\u00bb background_layout=\u00bbdark\u00bb max_width=\u00bb550px\u00bb animation_style=\u00bbslide\u00bb animation_direction=\u00bbleft\u00bb] Una soluci\u00f3n para cada necesidad. [\/et_pb_text][et_pb_button button_text=\u00bbGet Started\u00bb button_alignment=\u00bbleft\u00bb disabled_on=\u00bbon|on|on\u00bb _builder_version=\u00bb4.7.7&#8243; custom_button=\u00bbon\u00bb button_text_size=\u00bb14px\u00bb button_text_color=\u00bb#ffffff\u00bb button_bg_color=\u00bb#2b9cf2&#8243; button_border_width=\u00bb0px\u00bb button_border_radius=\u00bb100px\u00bb button_letter_spacing=\u00bb1px\u00bb button_font=\u00bbPoppins|600||on|||||\u00bb button_use_icon=\u00bboff\u00bb background_layout=\u00bbdark\u00bb [&hellip;]<\/p>\n","protected":false},"author":1,"featured_media":0,"parent":0,"menu_order":0,"comment_status":"closed","ping_status":"closed","template":"","meta":{"_et_pb_use_builder":"on","_et_pb_old_content":"","_et_gb_content_width":"","footnotes":""},"class_list":["post-58","page","type-page","status-publish","hentry"],"_links":{"self":[{"href":"https:\/\/www.rua-asistencia.com.uy\/index.php\/wp-json\/wp\/v2\/pages\/58","targetHints":{"allow":["GET"]}}],"collection":[{"href":"https:\/\/www.rua-asistencia.com.uy\/index.php\/wp-json\/wp\/v2\/pages"}],"about":[{"href":"https:\/\/www.rua-asistencia.com.uy\/index.php\/wp-json\/wp\/v2\/types\/page"}],"author":[{"embeddable":true,"href":"https:\/\/www.rua-asistencia.com.uy\/index.php\/wp-json\/wp\/v2\/users\/1"}],"replies":[{"embeddable":true,"href":"https:\/\/www.rua-asistencia.com.uy\/index.php\/wp-json\/wp\/v2\/comments?post=58"}],"version-history":[{"count":0,"href":"https:\/\/www.rua-asistencia.com.uy\/index.php\/wp-json\/wp\/v2\/pages\/58\/revisions"}],"wp:attachment":[{"href":"https:\/\/www.rua-asistencia.com.uy\/index.php\/wp-json\/wp\/v2\/media?parent=58"}],"curies":[{"name":"wp","href":"https:\/\/api.w.org\/{rel}","templated":true}]}}