{"id":815,"date":"2021-01-26T16:49:30","date_gmt":"2021-01-26T19:49:30","guid":{"rendered":"http:\/\/desarrollo.rua-asistencia.com\/uruguay\/?page_id=815"},"modified":"2021-01-26T16:49:30","modified_gmt":"2021-01-26T19:49:30","slug":"hogar","status":"publish","type":"page","link":"https:\/\/www.rua-asistencia.com.uy\/index.php\/hogar\/","title":{"rendered":"Hogar"},"content":{"rendered":"<p>[et_pb_section fb_built=&quot;1&quot; custom_padding_last_edited=&quot;on|phone&quot; admin_label=&quot;Hero&quot; _builder_version=&quot;4.7.7&quot; background_color_gradient_direction=&quot;60deg&quot; background_image=&quot;https:\/\/www.rua-asistencia.com.uy\/wp-content\/uploads\/sites\/17\/2021\/08\/hogar-rua-asistencia.png&quot; background_position=&quot;bottom_center&quot; width=&quot;100%&quot; max_width=&quot;100%&quot; min_height=&quot;590px&quot; max_height=&quot;1063px&quot; custom_margin=&quot;||16px|||&quot; custom_padding=&quot;100px|0px|124px|0px||&quot; custom_padding_tablet=&quot;&quot; custom_padding_phone=&quot;20px|0px|0px|0px|false|false&quot; hover_enabled=&quot;0&quot; background_last_edited=&quot;on|phone&quot; background_position_phone=&quot;center_left&quot; title_text=&quot;hogar-rua-asistencia&quot; sticky_enabled=&quot;0&quot;][et_pb_row column_structure=&quot;2_3,1_3&quot; disabled_on=&quot;off|off|off&quot; _builder_version=&quot;4.7.7&quot; custom_padding=&quot;62px|||||&quot;][et_pb_column type=&quot;2_3&quot; _builder_version=&quot;3.25&quot; custom_padding=&quot;||60px|&quot; custom_padding__hover=&quot;|||&quot;][et_pb_text disabled_on=&quot;off|off|off&quot; _builder_version=&quot;4.7.7&quot; text_font=&quot;Open Sans|600|||||||&quot; text_font_size=&quot;16px&quot; text_line_height=&quot;1.8em&quot; header_font=&quot;Poppins||||||||&quot; header_text_color=&quot;#000080&quot; header_font_size=&quot;111px&quot; header_line_height=&quot;1.2em&quot; background_layout=&quot;dark&quot; max_width=&quot;671px&quot; custom_padding=&quot;|0px||||&quot; animation_style=&quot;slide&quot; animation_direction=&quot;left&quot; header_font_size_tablet=&quot;&quot; header_font_size_phone=&quot;61px&quot; header_font_size_last_edited=&quot;on|phone&quot;]<\/p>\n<h1><strong><\/strong><\/h1>\n<h1><strong><\/strong><\/h1>\n<h1><strong><\/strong><\/h1>\n<p><strong><\/strong><\/p>\n<p><strong><\/strong><\/p>\n<p><strong><\/strong><\/p>\n<p><strong><\/strong><\/p>\n<h1><strong>\u00a0Hogar<br \/> <\/strong><\/h1>\n<p>[\/et_pb_text][\/et_pb_column][et_pb_column type=&quot;1_3&quot; _builder_version=&quot;3.25&quot; custom_padding=&quot;|||&quot; custom_padding__hover=&quot;|||&quot;][\/et_pb_column][\/et_pb_row][\/et_pb_section][et_pb_section fb_built=&quot;1&quot; disabled_on=&quot;off|off|off&quot; admin_label=&quot;Partners&quot; _builder_version=&quot;4.7.7&quot; background_size=&quot;contain&quot;][et_pb_row column_structure=&quot;1_4,3_4&quot; _builder_version=&quot;3.25&quot; custom_padding=&quot;5px|0px|27px|0px||&quot;][et_pb_column type=&quot;1_4&quot; _builder_version=&quot;3.25&quot; custom_padding=&quot;|||&quot; custom_padding__hover=&quot;|||&quot;][et_pb_image src=&quot;https:\/\/www.rua-asistencia.com.uy\/wp-content\/uploads\/sites\/17\/2021\/08\/HOGAR.png&quot; title_text=&quot;HOGAR&quot; align=&quot;right&quot; align_tablet=&quot;center&quot; align_phone=&quot;center&quot; align_last_edited=&quot;on|phone&quot; _builder_version=&quot;4.7.7&quot; _module_preset=&quot;default&quot; transform_scale_tablet=&quot;84%|84%&quot; transform_scale_phone=&quot;80%|80%&quot; transform_scale_last_edited=&quot;on|tablet&quot; transform_translate_tablet=&quot;&quot; transform_translate_phone=&quot;&quot; transform_translate_last_edited=&quot;on|tablet&quot; transform_rotate_tablet=&quot;&quot; transform_rotate_phone=&quot;&quot; transform_rotate_last_edited=&quot;on|tablet&quot; transform_skew_tablet=&quot;&quot; transform_skew_phone=&quot;&quot; transform_skew_last_edited=&quot;on|tablet&quot; transform_origin_tablet=&quot;&quot; transform_origin_phone=&quot;&quot; transform_origin_last_edited=&quot;on|tablet&quot; transform_styles_last_edited=&quot;on|tablet&quot; width=&quot;80%&quot; hover_enabled=&quot;0&quot; transform_styles_tablet=&quot;&quot; transform_styles_phone=&quot;&quot; sticky_enabled=&quot;0&quot;][\/et_pb_image][\/et_pb_column][et_pb_column type=&quot;3_4&quot; _builder_version=&quot;3.25&quot; custom_padding=&quot;|||&quot; custom_padding__hover=&quot;|||&quot;][et_pb_text _builder_version=&quot;4.7.7&quot; text_font=&quot;||||||||&quot; text_font_size=&quot;20px&quot; text_line_height=&quot;1.8em&quot; header_font=&quot;||||||||&quot; header_2_font=&quot;Poppins||||||||&quot; header_2_text_color=&quot;#000080&quot; header_2_font_size=&quot;55px&quot; header_2_line_height=&quot;1.4em&quot; header_3_font=&quot;||||||||&quot; text_orientation=&quot;center&quot; max_width=&quot;700px&quot; module_alignment=&quot;center&quot; custom_margin=&quot;|||-3px||&quot; custom_margin_tablet=&quot;&quot; custom_margin_phone=&quot;|||5px|false|false&quot; custom_margin_last_edited=&quot;on|phone&quot; custom_padding=&quot;|||10px|false|false&quot; animation_style=&quot;fade&quot; animation_duration=&quot;1300ms&quot;]<\/p>\n<h2 style=\"text-align: left;\"><\/h2>\n<p style=\"text-align: left;\"><span><\/span><\/p>\n<p style=\"text-align: left;\"><span><\/span><\/p>\n<p style=\"text-align: left;\"><span>Ponemos a disposici\u00f3n un equipo de profesionales para resolver cualquier problema que pueda surgir en el hogar, las 24 horas de los 365 d\u00edas del a\u00f1o. Nuestros servicios comprenden:\u00a0<\/span><\/p>\n<p>[\/et_pb_text][\/et_pb_column][\/et_pb_row][\/et_pb_section][et_pb_section fb_built=\u00bb1&#8243; admin_label=\u00bbFeatures\u00bb _builder_version=\u00bb4.7.7&#8243; background_image=\u00bbhttp:\/\/desarrollo.rua-asistencia.com\/uruguay\/wp-content\/uploads\/sites\/17\/2021\/01\/Rua-asistencia-fondo3.png\u00bb parallax=\u00bbon\u00bb parallax_method=\u00bboff\u00bb custom_padding=\u00bb16px|0px|169px|0px||\u00bb][et_pb_row column_structure=\u00bb1_3,1_3,1_3&#8243; _builder_version=\u00bb4.7.7&#8243; width=\u00bb72%\u00bb][et_pb_column type=\u00bb1_3&#8243; _builder_version=\u00bb3.25&#8243; custom_padding=\u00bb|||\u00bb custom_padding__hover=\u00bb|||\u00bb][et_pb_blurb title=\u00bbelectricidad\u00bb icon_alignment=\u00bbleft\u00bb image_max_width=\u00bb101px\u00bb content_max_width=\u00bb1030px\u00bb _builder_version=\u00bb4.7.7&#8243; header_font=\u00bbPoppins|600||on|||||\u00bb header_text_color=\u00bb#ff542c\u00bb header_font_size=\u00bb20px\u00bb header_line_height=\u00bb1.4em\u00bb body_font=\u00bb||||||||\u00bb body_font_size=\u00bb18px\u00bb body_line_height=\u00bb1.8em\u00bb background_color=\u00bb#ffffff\u00bb max_width_last_edited=\u00bboff|desktop\u00bb custom_margin=\u00bb0px||0px|0px|false|false\u00bb custom_padding=\u00bb40px|19px|131px|30px|false|false\u00bb animation_style=\u00bbfade\u00bb animation_delay=\u00bb100ms\u00bb animation=\u00bboff\u00bb border_radii=\u00bboff|30px|30px||\u00bb border_width_bottom=\u00bb15px\u00bb border_color_bottom=\u00bb#ff542c\u00bb border_radii_image=\u00bbon|2px|2px|2px|2px\u00bb border_color_all_image=\u00bbrgba(0,0,0,0.1)\u00bb box_shadow_style=\u00bbpreset1&#8243; box_shadow_vertical=\u00bb0px\u00bb box_shadow_spread=\u00bb-2px\u00bb]<\/p>\n<div style=\"text-align: left;\">Asistencia en casos de falta de suministro el\u00e9ctrico en el domicilio, ya sea total o parcial, como producto de una falla o aver\u00eda de las instalaciones el\u00e9ctricas internas.<\/div>\n<p>[\/et_pb_blurb][\/et_pb_column][et_pb_column type=\u00bb1_3&#8243; _builder_version=\u00bb3.25&#8243; custom_padding=\u00bb|||\u00bb custom_padding__hover=\u00bb|||\u00bb][et_pb_blurb title=\u00bbsanitaria\u00bb icon_alignment=\u00bbleft\u00bb image_max_width=\u00bb100px\u00bb _builder_version=\u00bb4.7.7&#8243; header_font=\u00bbPoppins|600||on|||||\u00bb header_text_color=\u00bb#ff542c\u00bb header_font_size=\u00bb20px\u00bb header_line_height=\u00bb1.4em\u00bb body_font=\u00bb||||||||\u00bb body_font_size=\u00bb18px\u00bb body_line_height=\u00bb1.8em\u00bb background_color=\u00bb#ffffff\u00bb max_width_last_edited=\u00bboff|desktop\u00bb custom_margin=\u00bb0px||||false|false\u00bb custom_padding=\u00bb40px|25px|37px|41px|false|false\u00bb animation_style=\u00bbfade\u00bb animation=\u00bboff\u00bb border_radii=\u00bboff|30px|30px||\u00bb border_width_bottom=\u00bb15px\u00bb border_color_bottom=\u00bb#ff542c\u00bb border_radii_image=\u00bbon|14px|14px|14px|14px\u00bb border_color_all_image=\u00bbrgba(0,0,0,0.1)\u00bb box_shadow_style=\u00bbpreset1&#8243; box_shadow_spread=\u00bb-2px\u00bb]<\/p>\n<div>Asistencia en fallas por rotura de ca\u00f1er\u00edas, llaves u otras instalaciones fijas de agua en el interior del domicilio, que requieran urgente soluci\u00f3n por generar una p\u00e9rdida de agua no contenida que pueda causar da\u00f1o al inmueble.<\/div>\n<p>[\/et_pb_blurb][\/et_pb_column][et_pb_column type=\u00bb1_3&#8243; _builder_version=\u00bb3.25&#8243; custom_padding=\u00bb|||\u00bb custom_padding__hover=\u00bb|||\u00bb][et_pb_blurb title=\u00bbcerrajer\u00eda\u00bb icon_alignment=\u00bbleft\u00bb image_max_width=\u00bb100px\u00bb _builder_version=\u00bb4.7.7&#8243; header_font=\u00bbPoppins|600||on|||||\u00bb header_text_color=\u00bb#ff542c\u00bb header_font_size=\u00bb20px\u00bb header_line_height=\u00bb1.4em\u00bb body_font=\u00bb||||||||\u00bb body_font_size=\u00bb18px\u00bb body_line_height=\u00bb1.8em\u00bb background_color=\u00bb#ffffff\u00bb max_width_last_edited=\u00bboff|desktop\u00bb custom_margin=\u00bb0px||||false|false\u00bb custom_padding=\u00bb40px|17px|133px|30px|false|false\u00bb animation_style=\u00bbfade\u00bb animation=\u00bboff\u00bb border_radii=\u00bboff|30px|30px||\u00bb border_width_bottom=\u00bb15px\u00bb border_color_bottom=\u00bb#ff542c\u00bb border_radii_image=\u00bbon|14px|14px|14px|14px\u00bb border_color_all_image=\u00bbrgba(0,0,0,0.1)\u00bb box_shadow_style=\u00bbpreset1&#8243; box_shadow_blur=\u00bb17px\u00bb box_shadow_spread=\u00bb-2px\u00bb]<\/p>\n<div>Asistencia en casos en que exista imposibilidad de acceso o salida del domicilio como consecuencia de extrav\u00edo, robo de llaves o inutilizaci\u00f3n de cerraduras por otra causa accidental.<\/div>\n<p>[\/et_pb_blurb][\/et_pb_column][\/et_pb_row][et_pb_row column_structure=\u00bb1_3,1_3,1_3&#8243; _builder_version=\u00bb4.7.7&#8243; width=\u00bb72%\u00bb][et_pb_column type=\u00bb1_3&#8243; _builder_version=\u00bb3.25&#8243; custom_padding=\u00bb|||\u00bb custom_padding__hover=\u00bb|||\u00bb][et_pb_blurb title=\u00bbvidrier\u00eda\u00bb icon_alignment=\u00bbleft\u00bb image_max_width=\u00bb100px\u00bb _builder_version=\u00bb4.7.7&#8243; header_font=\u00bbPoppins|600||on|||||\u00bb header_text_color=\u00bb#ff542c\u00bb header_font_size=\u00bb20px\u00bb header_line_height=\u00bb1.4em\u00bb body_font=\u00bb||||||||\u00bb body_font_size=\u00bb18px\u00bb body_line_height=\u00bb1.8em\u00bb background_color=\u00bb#ffffff\u00bb max_width_last_edited=\u00bboff|desktop\u00bb custom_margin=\u00bb0px||||false|false\u00bb custom_padding=\u00bb31px|15px|33px|30px|false|false\u00bb animation_style=\u00bbfade\u00bb animation=\u00bboff\u00bb border_radii=\u00bboff|30px|30px||\u00bb border_width_bottom=\u00bb15px\u00bb border_color_bottom=\u00bb#ff542c\u00bb border_radii_image=\u00bbon|14px|14px|14px|14px\u00bb border_color_all_image=\u00bbrgba(0,0,0,0.1)\u00bb box_shadow_style=\u00bbpreset1&#8243; box_shadow_spread=\u00bb-2px\u00bb]<\/p>\n<p><span style=\"font-size: 18px;\">Reposici\u00f3n de vidrios rotos en puertas y ventanas que formen parte del revestimiento del domicilio registrado (vidrios verticales, con relaci\u00f3n al piso).<\/span><\/p>\n<p>[\/et_pb_blurb][\/et_pb_column][et_pb_column type=\u00bb1_3&#8243; _builder_version=\u00bb3.25&#8243; custom_padding=\u00bb|||\u00bb custom_padding__hover=\u00bb|||\u00bb][et_pb_blurb title=\u00bbarmado de muebles\u00bb icon_alignment=\u00bbleft\u00bb image_max_width=\u00bb100px\u00bb _builder_version=\u00bb4.7.7&#8243; header_font=\u00bbPoppins|600||on|||||\u00bb header_text_color=\u00bb#ff542c\u00bb header_font_size=\u00bb20px\u00bb header_line_height=\u00bb1.4em\u00bb body_font=\u00bb||||||||\u00bb body_font_size=\u00bb18px\u00bb body_line_height=\u00bb1.8em\u00bb background_color=\u00bb#ffffff\u00bb max_width_last_edited=\u00bboff|desktop\u00bb custom_margin=\u00bb0px||||false|false\u00bb custom_padding=\u00bb30px|21px|67px|30px|false|false\u00bb animation_style=\u00bbfade\u00bb animation=\u00bboff\u00bb border_radii=\u00bboff|30px|30px||\u00bb border_width_bottom=\u00bb15px\u00bb border_color_bottom=\u00bb#ff542c\u00bb border_radii_image=\u00bbon|14px|14px|14px|14px\u00bb border_color_all_image=\u00bbrgba(0,0,0,0.1)\u00bb box_shadow_style=\u00bbpreset1&#8243; box_shadow_spread=\u00bb-2px\u00bb]<\/p>\n<p><span>Brindamos el servicio de armado de muebles en el hogar: armarios, juegos de living y comedor, escritorios, camas, cuchetas y m\u00e1s.<\/span><\/p>\n<p>[\/et_pb_blurb][\/et_pb_column][et_pb_column type=\u00bb1_3&#8243; _builder_version=\u00bb3.25&#8243; custom_padding=\u00bb|||\u00bb custom_padding__hover=\u00bb|||\u00bb][et_pb_blurb title=\u00bblinea blanca\u00bb icon_alignment=\u00bbleft\u00bb image_max_width=\u00bb100px\u00bb _builder_version=\u00bb4.7.7&#8243; header_font=\u00bbPoppins|600||on|||||\u00bb header_text_color=\u00bb#ff542c\u00bb header_font_size=\u00bb20px\u00bb header_line_height=\u00bb1.4em\u00bb body_font=\u00bb||||||||\u00bb body_font_size=\u00bb18px\u00bb body_line_height=\u00bb1.8em\u00bb background_color=\u00bb#ffffff\u00bb max_width_last_edited=\u00bboff|desktop\u00bb custom_margin=\u00bb0px||||false|false\u00bb custom_padding=\u00bb35px|34px|62px|30px|false|false\u00bb animation_style=\u00bbfade\u00bb animation=\u00bboff\u00bb border_radii=\u00bboff|30px|30px||\u00bb border_width_bottom=\u00bb15px\u00bb border_color_bottom=\u00bb#ff542c\u00bb border_radii_image=\u00bbon|14px|14px|14px|14px\u00bb border_color_all_image=\u00bbrgba(0,0,0,0.1)\u00bb box_shadow_style=\u00bbpreset1&#8243; box_shadow_spread=\u00bb-2px\u00bb]<\/p>\n<p><span>Asistencia en instalaci\u00f3n de electrodom\u00e9sticos: heladera, horno, cocina, lavarropas, lavavajillas y m\u00e1s.<\/span><\/p>\n<p>[\/et_pb_blurb][\/et_pb_column][\/et_pb_row][et_pb_row _builder_version=\u00bb4.7.7&#8243; width=\u00bb72%\u00bb][et_pb_column type=\u00bb4_4&#8243; _builder_version=\u00bb3.25&#8243; custom_padding=\u00bb|||\u00bb custom_padding__hover=\u00bb|||\u00bb][et_pb_blurb title=\u00bbConexi\u00f3n con t\u00e9cnicos de hogar\u00bb icon_alignment=\u00bbleft\u00bb image_max_width=\u00bb100px\u00bb _builder_version=\u00bb4.7.7&#8243; header_font=\u00bbPoppins|600||on|||||\u00bb header_text_color=\u00bb#ff542c\u00bb header_font_size=\u00bb20px\u00bb header_line_height=\u00bb1.4em\u00bb body_font=\u00bb||||||||\u00bb body_font_size=\u00bb18px\u00bb body_line_height=\u00bb1.8em\u00bb background_color=\u00bb#ffffff\u00bb max_width_last_edited=\u00bboff|desktop\u00bb custom_margin=\u00bb0px||||false|false\u00bb custom_padding=\u00bb39px|9px|37px|30px|false|false\u00bb animation_style=\u00bbfade\u00bb animation=\u00bboff\u00bb border_radii=\u00bboff|30px|30px||\u00bb border_width_bottom=\u00bb15px\u00bb border_color_bottom=\u00bb#ff542c\u00bb border_radii_image=\u00bbon|14px|14px|14px|14px\u00bb border_color_all_image=\u00bbrgba(0,0,0,0.1)\u00bb box_shadow_style=\u00bbpreset1&#8243; box_shadow_spread=\u00bb-7px\u00bb]<\/p>\n<div>A solicitud del beneficiario enviamos un especialista a su domicilio para cotizar cualquier trabajo de reparaci\u00f3n, mantenimiento, ampliaci\u00f3n, o remodelaci\u00f3n que este requiera fuera de cualquier situaci\u00f3n de emergencia. Incluye alba\u00f1iles, ornamentadores, cerrajeros, vidrieros, pintores y carpinteros, entre otros.<\/div>\n<p>[\/et_pb_blurb][\/et_pb_column][\/et_pb_row][\/et_pb_section]<\/p>\n","protected":false},"excerpt":{"rendered":"<p>[et_pb_section fb_built=&quot;1&quot; custom_padding_last_edited=&quot;on|phone&quot; admin_label=&quot;Hero&quot; _builder_version=&quot;4.7.7&quot; background_color_gradient_direction=&quot;60deg&quot; background_image=&quot;https:\/\/www.rua-asistencia.com.uy\/wp-content\/uploads\/sites\/17\/2021\/08\/hogar-rua-asistencia.png&quot; background_position=&quot;bottom_center&quot; width=&quot;100%&quot; max_width=&quot;100%&quot; min_height=&quot;590px&quot; max_height=&quot;1063px&quot; custom_margin=&quot;||16px|||&quot; custom_padding=&quot;100px|0px|124px|0px||&quot; custom_padding_tablet=&quot;&quot; custom_padding_phone=&quot;20px|0px|0px|0px|false|false&quot; hover_enabled=&quot;0&quot; background_last_edited=&quot;on|phone&quot; background_position_phone=&quot;center_left&quot; title_text=&quot;hogar-rua-asistencia&quot; sticky_enabled=&quot;0&quot;][et_pb_row column_structure=&quot;2_3,1_3&quot; disabled_on=&quot;off|off|off&quot; _builder_version=&quot;4.7.7&quot; custom_padding=&quot;62px|||||&quot;][et_pb_column type=&quot;2_3&quot; _builder_version=&quot;3.25&quot; custom_padding=&quot;||60px|&quot; custom_padding__hover=&quot;|||&quot;][et_pb_text disabled_on=&quot;off|off|off&quot; _builder_version=&quot;4.7.7&quot; text_font=&quot;Open Sans|600|||||||&quot; text_font_size=&quot;16px&quot; text_line_height=&quot;1.8em&quot; header_font=&quot;Poppins||||||||&quot; header_text_color=&quot;#000080&quot; header_font_size=&quot;111px&quot; header_line_height=&quot;1.2em&quot; background_layout=&quot;dark&quot; max_width=&quot;671px&quot; custom_padding=&quot;|0px||||&quot; animation_style=&quot;slide&quot; animation_direction=&quot;left&quot; header_font_size_tablet=&quot;&quot; header_font_size_phone=&quot;61px&quot; header_font_size_last_edited=&quot;on|phone&quot;] \u00a0Hogar [\/et_pb_text][\/et_pb_column][et_pb_column type=&quot;1_3&quot; _builder_version=&quot;3.25&quot; custom_padding=&quot;|||&quot; custom_padding__hover=&quot;|||&quot;][\/et_pb_column][\/et_pb_row][\/et_pb_section][et_pb_section fb_built=&quot;1&quot; disabled_on=&quot;off|off|off&quot; [&hellip;]<\/p>\n","protected":false},"author":1,"featured_media":0,"parent":0,"menu_order":0,"comment_status":"closed","ping_status":"closed","template":"","meta":{"_et_pb_use_builder":"on","_et_pb_old_content":"","_et_gb_content_width":"","footnotes":""},"class_list":["post-815","page","type-page","status-publish","hentry"],"_links":{"self":[{"href":"https:\/\/www.rua-asistencia.com.uy\/index.php\/wp-json\/wp\/v2\/pages\/815","targetHints":{"allow":["GET"]}}],"collection":[{"href":"https:\/\/www.rua-asistencia.com.uy\/index.php\/wp-json\/wp\/v2\/pages"}],"about":[{"href":"https:\/\/www.rua-asistencia.com.uy\/index.php\/wp-json\/wp\/v2\/types\/page"}],"author":[{"embeddable":true,"href":"https:\/\/www.rua-asistencia.com.uy\/index.php\/wp-json\/wp\/v2\/users\/1"}],"replies":[{"embeddable":true,"href":"https:\/\/www.rua-asistencia.com.uy\/index.php\/wp-json\/wp\/v2\/comments?post=815"}],"version-history":[{"count":0,"href":"https:\/\/www.rua-asistencia.com.uy\/index.php\/wp-json\/wp\/v2\/pages\/815\/revisions"}],"wp:attachment":[{"href":"https:\/\/www.rua-asistencia.com.uy\/index.php\/wp-json\/wp\/v2\/media?parent=815"}],"curies":[{"name":"wp","href":"https:\/\/api.w.org\/{rel}","templated":true}]}}