{"id":828,"date":"2021-01-26T17:17:06","date_gmt":"2021-01-26T20:17:06","guid":{"rendered":"http:\/\/desarrollo.rua-asistencia.com\/uruguay\/?page_id=828"},"modified":"2021-01-26T17:17:06","modified_gmt":"2021-01-26T20:17:06","slug":"vehicular","status":"publish","type":"page","link":"https:\/\/www.rua-asistencia.com.uy\/index.php\/vehicular\/","title":{"rendered":"Vehicular"},"content":{"rendered":"<p>[et_pb_section fb_built=&quot;1&quot; custom_padding_last_edited=&quot;on|phone&quot; admin_label=&quot;Hero&quot; _builder_version=&quot;4.7.7&quot; background_color_gradient_direction=&quot;60deg&quot; background_image=&quot;https:\/\/www.rua-asistencia.com.uy\/wp-content\/uploads\/sites\/17\/2021\/08\/vehicular-rua-asistencia.png&quot; background_position=&quot;bottom_center&quot; width=&quot;100%&quot; max_width=&quot;100%&quot; min_height=&quot;590px&quot; max_height=&quot;1063px&quot; custom_margin=&quot;||16px|||&quot; custom_padding=&quot;100px|0px|34px|0px||&quot; custom_padding_tablet=&quot;&quot; custom_padding_phone=&quot;0px|0px|0px|0px|false|false&quot; hover_enabled=&quot;0&quot; background_last_edited=&quot;on|phone&quot; background_position_phone=&quot;top_left&quot; title_text=&quot;vehicular-rua-asistencia&quot; sticky_enabled=&quot;0&quot;][et_pb_row column_structure=&quot;2_3,1_3&quot; disabled_on=&quot;off|off|off&quot; _builder_version=&quot;4.7.7&quot; custom_padding=&quot;|||&quot;][et_pb_column type=&quot;2_3&quot; _builder_version=&quot;3.25&quot; custom_padding=&quot;||60px|&quot; custom_padding__hover=&quot;|||&quot;][et_pb_text disabled_on=&quot;off|off|off&quot; _builder_version=&quot;4.7.7&quot; text_font=&quot;Open Sans|600|||||||&quot; text_font_size=&quot;16px&quot; text_line_height=&quot;1.8em&quot; header_font=&quot;Poppins||||||||&quot; header_text_color=&quot;#000080&quot; header_font_size=&quot;100px&quot; header_line_height=&quot;1.2em&quot; background_layout=&quot;dark&quot; max_width=&quot;671px&quot; custom_padding=&quot;|0px||||&quot; animation_style=&quot;slide&quot; animation_direction=&quot;left&quot; header_font_size_tablet=&quot;&quot; header_font_size_phone=&quot;51px&quot; header_font_size_last_edited=&quot;on|phone&quot;]<\/p>\n<h1><strong><\/strong><\/h1>\n<h1><strong><\/strong><\/h1>\n<h1><strong><\/strong><\/h1>\n<h1><strong><\/strong><\/h1>\n<h1><strong><\/strong><\/h1>\n<h1><strong><\/strong><\/h1>\n<h1><strong><\/strong><\/h1>\n<h1><strong><\/strong><\/h1>\n<h1><strong><\/strong><\/h1>\n<h1><strong><\/strong><\/h1>\n<h1><strong><\/strong><\/h1>\n<h1><strong><\/strong><\/h1>\n<h1><strong><\/strong><\/h1>\n<h1><strong><\/strong><\/h1>\n<h1><strong><\/strong><\/h1>\n<h1><strong><\/strong><\/h1>\n<h1><strong><\/strong><\/h1>\n<h1><strong>Vehicular<\/strong><\/h1>\n<p>[\/et_pb_text][\/et_pb_column][et_pb_column type=&quot;1_3&quot; _builder_version=&quot;3.25&quot; custom_padding=&quot;|||&quot; custom_padding__hover=&quot;|||&quot;][\/et_pb_column][\/et_pb_row][\/et_pb_section][et_pb_section fb_built=&quot;1&quot; disabled_on=&quot;off|off|off&quot; admin_label=&quot;Partners&quot; _builder_version=&quot;4.7.7&quot; background_size=&quot;contain&quot; custom_padding=&quot;0px|||||&quot;][et_pb_row column_structure=&quot;1_4,3_4&quot; _builder_version=&quot;3.25&quot; custom_padding=&quot;27px|0px|27px|0px&quot;][et_pb_column type=&quot;1_4&quot; _builder_version=&quot;3.25&quot; custom_padding=&quot;|||&quot; custom_padding__hover=&quot;|||&quot;][et_pb_image src=&quot;https:\/\/www.rua-asistencia.com.uy\/wp-content\/uploads\/sites\/17\/2021\/08\/VEHICULAR.png&quot; title_text=&quot;VEHICULAR&quot; align=&quot;right&quot; align_tablet=&quot;&quot; align_phone=&quot;center&quot; align_last_edited=&quot;on|phone&quot; _builder_version=&quot;4.7.7&quot; _module_preset=&quot;default&quot; transform_scale_tablet=&quot;&quot; transform_scale_phone=&quot;90%|90%&quot; transform_scale_last_edited=&quot;on|phone&quot; transform_translate_tablet=&quot;&quot; transform_translate_phone=&quot;&quot; transform_translate_last_edited=&quot;on|phone&quot; transform_rotate_tablet=&quot;&quot; transform_rotate_phone=&quot;&quot; transform_rotate_last_edited=&quot;on|phone&quot; transform_skew_tablet=&quot;&quot; transform_skew_phone=&quot;&quot; transform_skew_last_edited=&quot;on|phone&quot; transform_origin_tablet=&quot;&quot; transform_origin_phone=&quot;&quot; transform_origin_last_edited=&quot;on|phone&quot; transform_styles_last_edited=&quot;on|phone&quot; width=&quot;88%&quot; hover_enabled=&quot;0&quot; transform_styles_tablet=&quot;&quot; transform_styles_phone=&quot;&quot; sticky_enabled=&quot;0&quot;][\/et_pb_image][\/et_pb_column][et_pb_column type=&quot;3_4&quot; _builder_version=&quot;3.25&quot; custom_padding=&quot;|||&quot; custom_padding__hover=&quot;|||&quot;][et_pb_text _builder_version=&quot;4.7.7&quot; text_font=&quot;||||||||&quot; text_font_size=&quot;20px&quot; text_line_height=&quot;1.8em&quot; header_font=&quot;||||||||&quot; header_2_font=&quot;Poppins||||||||&quot; header_2_text_color=&quot;#000080&quot; header_2_font_size=&quot;55px&quot; header_2_line_height=&quot;1.4em&quot; header_3_font=&quot;||||||||&quot; text_orientation=&quot;center&quot; max_width=&quot;700px&quot; module_alignment=&quot;center&quot; custom_padding=&quot;|14px||||&quot; custom_padding_tablet=&quot;&quot; custom_padding_phone=&quot;|||10px|false|false&quot; custom_padding_last_edited=&quot;on|phone&quot; animation_style=&quot;fade&quot; animation_duration=&quot;1300ms&quot;]<\/p>\n<h2 style=\"text-align: left;\"><\/h2>\n<p style=\"text-align: left;\"><span><\/span><\/p>\n<p style=\"text-align: left;\"><span>Ponemos a disposici\u00f3n el mejor servicio de asistencia vehicular del Uruguay, con m\u00e1s de 20 a\u00f1os de experiencia.\u00a0El servicio es brindado en todo nuestro pa\u00eds, Mercosur y Chile las 24 horas, los 365 d\u00edas <\/span><span>del a\u00f1o.<\/span><\/p>\n<p>[\/et_pb_text][\/et_pb_column][\/et_pb_row][\/et_pb_section][et_pb_section fb_built=\u00bb1&#8243; admin_label=\u00bbFeatures\u00bb _builder_version=\u00bb4.7.7&#8243; background_image=\u00bbhttp:\/\/desarrollo.rua-asistencia.com\/uruguay\/wp-content\/uploads\/sites\/17\/2021\/01\/Rua-asistencia-fondo2.png\u00bb parallax=\u00bbon\u00bb parallax_method=\u00bboff\u00bb custom_padding=\u00bb68px|0px|225px|0px||\u00bb][et_pb_row column_structure=\u00bb1_3,1_3,1_3&#8243; _builder_version=\u00bb4.7.7&#8243; width=\u00bb72%\u00bb][et_pb_column type=\u00bb1_3&#8243; _builder_version=\u00bb3.25&#8243; custom_padding=\u00bb|||\u00bb custom_padding__hover=\u00bb|||\u00bb][et_pb_blurb title=\u00bbMec\u00e1nica ligera\u00bb icon_alignment=\u00bbleft\u00bb image_max_width=\u00bb101px\u00bb content_max_width=\u00bb1030px\u00bb _builder_version=\u00bb4.7.7&#8243; header_font=\u00bbPoppins|600||on|||||\u00bb header_text_color=\u00bb#ff542c\u00bb header_font_size=\u00bb20px\u00bb header_line_height=\u00bb1.4em\u00bb body_font=\u00bb||||||||\u00bb body_font_size=\u00bb18px\u00bb body_line_height=\u00bb1.8em\u00bb background_color=\u00bb#ffffff\u00bb max_width_last_edited=\u00bboff|desktop\u00bb custom_margin_last_edited=\u00bboff|desktop\u00bb custom_padding=\u00bb30px|19px|148px|30px|false|false\u00bb animation_style=\u00bbfade\u00bb animation_delay=\u00bb100ms\u00bb animation=\u00bboff\u00bb border_radii=\u00bboff|30px|30px||\u00bb border_width_bottom=\u00bb15px\u00bb border_color_bottom=\u00bb#ff542c\u00bb border_radii_image=\u00bbon|2px|2px|2px|2px\u00bb border_color_all_image=\u00bbrgba(0,0,0,0.1)\u00bb box_shadow_style=\u00bbpreset1&#8243;]<\/p>\n<div><span>En caso de aver\u00eda o accidente disponibilizamos un\u00a0<\/span><span>m\u00f3vil con mec\u00e1nico, para intentar dar soluci\u00f3n a la causa de asistencia.<\/span><\/div>\n<p>[\/et_pb_blurb][\/et_pb_column][et_pb_column type=\u00bb1_3&#8243; _builder_version=\u00bb3.25&#8243; custom_padding=\u00bb|||\u00bb custom_padding__hover=\u00bb|||\u00bb][et_pb_blurb title=\u00bbTraslado de veh\u00edculos\u00bb icon_alignment=\u00bbleft\u00bb image_max_width=\u00bb100px\u00bb _builder_version=\u00bb4.7.7&#8243; header_font=\u00bbPoppins|600||on|||||\u00bb header_text_color=\u00bb#ff542c\u00bb header_font_size=\u00bb20px\u00bb header_line_height=\u00bb1.4em\u00bb body_font=\u00bb||||||||\u00bb body_font_size=\u00bb18px\u00bb body_line_height=\u00bb1.8em\u00bb background_color=\u00bb#ffffff\u00bb max_width_last_edited=\u00bboff|desktop\u00bb custom_margin=\u00bb||||false|false\u00bb custom_padding=\u00bb30px|18px|20px|30px|false|false\u00bb animation_style=\u00bbfade\u00bb animation=\u00bboff\u00bb border_radii=\u00bboff|30px|30px||\u00bb border_width_bottom=\u00bb15px\u00bb border_color_bottom=\u00bb#ff542c\u00bb border_radii_image=\u00bbon|14px|14px|14px|14px\u00bb border_color_all_image=\u00bbrgba(0,0,0,0.1)\u00bb box_shadow_style=\u00bbpreset1&#8243;]<\/p>\n<div>En caso de aver\u00eda o accidente, si el veh\u00edculo queda inmovilizado y no fuera posible su reparaci\u00f3n in situ, realizamos traslado, dentro de la localidad de residencia del beneficiario, o hasta en un radio de 20 kms. del lugar de la asistencia.<\/div>\n<p>[\/et_pb_blurb][\/et_pb_column][et_pb_column type=\u00bb1_3&#8243; _builder_version=\u00bb3.25&#8243; custom_padding=\u00bb|||\u00bb custom_padding__hover=\u00bb|||\u00bb][et_pb_blurb title=\u00bbmotos\u00bb icon_alignment=\u00bbleft\u00bb image_max_width=\u00bb100px\u00bb _builder_version=\u00bb4.7.7&#8243; header_font=\u00bbPoppins|600||on|||||\u00bb header_text_color=\u00bb#ff542c\u00bb header_font_size=\u00bb20px\u00bb header_line_height=\u00bb1.4em\u00bb body_font=\u00bb||||||||\u00bb body_font_size=\u00bb18px\u00bb body_line_height=\u00bb1.8em\u00bb background_color=\u00bb#ffffff\u00bb max_width_last_edited=\u00bboff|desktop\u00bb custom_margin=\u00bb||||false|false\u00bb custom_padding=\u00bb31px|15px|179px|30px|false|false\u00bb animation_style=\u00bbfade\u00bb animation=\u00bboff\u00bb border_radii=\u00bboff|30px|30px||\u00bb border_width_bottom=\u00bb15px\u00bb border_color_bottom=\u00bb#ff542c\u00bb border_radii_image=\u00bbon|14px|14px|14px|14px\u00bb border_color_all_image=\u00bbrgba(0,0,0,0.1)\u00bb box_shadow_style=\u00bbpreset1&#8243;]<\/p>\n<p>En caso de accidentes, ofrecemos el traslado de la unidad, asistencia legal y talleres de referencia.<\/p>\n<p>[\/et_pb_blurb][\/et_pb_column][\/et_pb_row][\/et_pb_section]<\/p>\n","protected":false},"excerpt":{"rendered":"<p>[et_pb_section fb_built=&quot;1&quot; custom_padding_last_edited=&quot;on|phone&quot; admin_label=&quot;Hero&quot; _builder_version=&quot;4.7.7&quot; background_color_gradient_direction=&quot;60deg&quot; background_image=&quot;https:\/\/www.rua-asistencia.com.uy\/wp-content\/uploads\/sites\/17\/2021\/08\/vehicular-rua-asistencia.png&quot; background_position=&quot;bottom_center&quot; width=&quot;100%&quot; max_width=&quot;100%&quot; min_height=&quot;590px&quot; max_height=&quot;1063px&quot; custom_margin=&quot;||16px|||&quot; custom_padding=&quot;100px|0px|34px|0px||&quot; custom_padding_tablet=&quot;&quot; custom_padding_phone=&quot;0px|0px|0px|0px|false|false&quot; hover_enabled=&quot;0&quot; background_last_edited=&quot;on|phone&quot; background_position_phone=&quot;top_left&quot; title_text=&quot;vehicular-rua-asistencia&quot; sticky_enabled=&quot;0&quot;][et_pb_row column_structure=&quot;2_3,1_3&quot; disabled_on=&quot;off|off|off&quot; _builder_version=&quot;4.7.7&quot; custom_padding=&quot;|||&quot;][et_pb_column type=&quot;2_3&quot; _builder_version=&quot;3.25&quot; custom_padding=&quot;||60px|&quot; custom_padding__hover=&quot;|||&quot;][et_pb_text disabled_on=&quot;off|off|off&quot; _builder_version=&quot;4.7.7&quot; text_font=&quot;Open Sans|600|||||||&quot; text_font_size=&quot;16px&quot; text_line_height=&quot;1.8em&quot; header_font=&quot;Poppins||||||||&quot; header_text_color=&quot;#000080&quot; header_font_size=&quot;100px&quot; header_line_height=&quot;1.2em&quot; background_layout=&quot;dark&quot; max_width=&quot;671px&quot; custom_padding=&quot;|0px||||&quot; animation_style=&quot;slide&quot; animation_direction=&quot;left&quot; header_font_size_tablet=&quot;&quot; header_font_size_phone=&quot;51px&quot; header_font_size_last_edited=&quot;on|phone&quot;] Vehicular [\/et_pb_text][\/et_pb_column][et_pb_column type=&quot;1_3&quot; _builder_version=&quot;3.25&quot; custom_padding=&quot;|||&quot; custom_padding__hover=&quot;|||&quot;][\/et_pb_column][\/et_pb_row][\/et_pb_section][et_pb_section fb_built=&quot;1&quot; disabled_on=&quot;off|off|off&quot; [&hellip;]<\/p>\n","protected":false},"author":1,"featured_media":0,"parent":0,"menu_order":0,"comment_status":"closed","ping_status":"closed","template":"","meta":{"_et_pb_use_builder":"on","_et_pb_old_content":"","_et_gb_content_width":"","footnotes":""},"class_list":["post-828","page","type-page","status-publish","hentry"],"_links":{"self":[{"href":"https:\/\/www.rua-asistencia.com.uy\/index.php\/wp-json\/wp\/v2\/pages\/828","targetHints":{"allow":["GET"]}}],"collection":[{"href":"https:\/\/www.rua-asistencia.com.uy\/index.php\/wp-json\/wp\/v2\/pages"}],"about":[{"href":"https:\/\/www.rua-asistencia.com.uy\/index.php\/wp-json\/wp\/v2\/types\/page"}],"author":[{"embeddable":true,"href":"https:\/\/www.rua-asistencia.com.uy\/index.php\/wp-json\/wp\/v2\/users\/1"}],"replies":[{"embeddable":true,"href":"https:\/\/www.rua-asistencia.com.uy\/index.php\/wp-json\/wp\/v2\/comments?post=828"}],"version-history":[{"count":0,"href":"https:\/\/www.rua-asistencia.com.uy\/index.php\/wp-json\/wp\/v2\/pages\/828\/revisions"}],"wp:attachment":[{"href":"https:\/\/www.rua-asistencia.com.uy\/index.php\/wp-json\/wp\/v2\/media?parent=828"}],"curies":[{"name":"wp","href":"https:\/\/api.w.org\/{rel}","templated":true}]}}