{"id":830,"date":"2021-01-26T17:17:23","date_gmt":"2021-01-26T20:17:23","guid":{"rendered":"http:\/\/desarrollo.rua-asistencia.com\/uruguay\/?page_id=830"},"modified":"2021-01-26T17:17:23","modified_gmt":"2021-01-26T20:17:23","slug":"riesgos-especiales","status":"publish","type":"page","link":"https:\/\/www.rua-asistencia.com.uy\/index.php\/riesgos-especiales\/","title":{"rendered":"Riesgos especiales"},"content":{"rendered":"<p>[et_pb_section fb_built=&quot;1&quot; custom_padding_last_edited=&quot;on|phone&quot; admin_label=&quot;Hero&quot; _builder_version=&quot;4.7.7&quot; background_color_gradient_direction=&quot;60deg&quot; background_image=&quot;https:\/\/www.rua-asistencia.com.uy\/wp-content\/uploads\/sites\/17\/2021\/08\/riesgos-especiales-rua-asistencia.png&quot; background_position=&quot;bottom_center&quot; width=&quot;100%&quot; max_width=&quot;100%&quot; min_height=&quot;590px&quot; max_height=&quot;1063px&quot; custom_margin=&quot;||16px|||&quot; custom_margin_tablet=&quot;&quot; custom_margin_phone=&quot;||0px||false|false&quot; custom_margin_last_edited=&quot;on|phone&quot; custom_padding=&quot;100px|0px|0px|0px||&quot; custom_padding_tablet=&quot;&quot; custom_padding_phone=&quot;0px|0px|0px|0px|false|false&quot; hover_enabled=&quot;0&quot; background_last_edited=&quot;on|phone&quot; background_position_tablet=&quot;center_right&quot; background_position_phone=&quot;top_right&quot; title_text=&quot;riesgos-especiales-rua-asistencia&quot; sticky_enabled=&quot;0&quot;][et_pb_row column_structure=&quot;2_5,3_5&quot; disabled_on=&quot;off|off|off&quot; _builder_version=&quot;4.7.7&quot; custom_margin=&quot;|85px||auto||&quot; custom_padding=&quot;|||&quot;][et_pb_column type=&quot;2_5&quot; _builder_version=&quot;3.25&quot; custom_padding=&quot;||60px|&quot; custom_padding__hover=&quot;|||&quot;][et_pb_button button_text=&quot;Get Started&quot; button_alignment=&quot;left&quot; disabled_on=&quot;on|on|on&quot; _builder_version=&quot;4.7.7&quot; custom_button=&quot;on&quot; button_text_size=&quot;14px&quot; button_text_color=&quot;#ffffff&quot; button_bg_color=&quot;#ff542c&quot; button_border_width=&quot;0px&quot; button_border_radius=&quot;100px&quot; button_letter_spacing=&quot;1px&quot; button_font=&quot;Poppins|600||on|||||&quot; button_use_icon=&quot;off&quot; background_layout=&quot;dark&quot; custom_padding=&quot;10px|30px|10px|30px&quot; animation_style=&quot;fade&quot; box_shadow_style=&quot;preset3&quot; box_shadow_vertical=&quot;8px&quot; box_shadow_color=&quot;rgba(0,137,242,0.61)&quot; button_letter_spacing_hover=&quot;1px&quot; disabled=&quot;on&quot; button_text_size__hover_enabled=&quot;off&quot; button_one_text_size__hover_enabled=&quot;off&quot; button_two_text_size__hover_enabled=&quot;off&quot; button_text_color__hover_enabled=&quot;off&quot; button_one_text_color__hover_enabled=&quot;off&quot; button_two_text_color__hover_enabled=&quot;off&quot; button_border_width__hover_enabled=&quot;off&quot; button_one_border_width__hover_enabled=&quot;off&quot; button_two_border_width__hover_enabled=&quot;off&quot; button_border_color__hover_enabled=&quot;off&quot; button_one_border_color__hover_enabled=&quot;off&quot; button_two_border_color__hover_enabled=&quot;off&quot; button_border_radius__hover_enabled=&quot;off&quot; button_one_border_radius__hover_enabled=&quot;off&quot; button_two_border_radius__hover_enabled=&quot;off&quot; button_letter_spacing__hover_enabled=&quot;on&quot; button_letter_spacing__hover=&quot;1px&quot; button_one_letter_spacing__hover_enabled=&quot;off&quot; button_two_letter_spacing__hover_enabled=&quot;off&quot; button_bg_color__hover_enabled=&quot;off&quot; button_one_bg_color__hover_enabled=&quot;off&quot; button_two_bg_color__hover_enabled=&quot;off&quot;][\/et_pb_button][\/et_pb_column][et_pb_column type=&quot;3_5&quot; _builder_version=&quot;3.25&quot; custom_padding=&quot;|||&quot; custom_padding__hover=&quot;|||&quot;][et_pb_text disabled_on=&quot;off|off|off&quot; _builder_version=&quot;4.7.7&quot; text_font=&quot;Open Sans|600|||||||&quot; text_font_size=&quot;16px&quot; text_line_height=&quot;1.8em&quot; header_font=&quot;Poppins||||||||&quot; header_text_color=&quot;#000080&quot; header_font_size=&quot;100px&quot; header_line_height=&quot;1.2em&quot; transform_scale_tablet=&quot;&quot; transform_scale_phone=&quot;&quot; transform_scale_last_edited=&quot;on|phone&quot; transform_translate_tablet=&quot;&quot; transform_translate_phone=&quot;56px|-37px&quot; transform_translate_last_edited=&quot;on|phone&quot; transform_rotate_tablet=&quot;&quot; transform_rotate_phone=&quot;&quot; transform_rotate_last_edited=&quot;on|phone&quot; transform_skew_tablet=&quot;&quot; transform_skew_phone=&quot;&quot; transform_skew_last_edited=&quot;on|phone&quot; transform_origin_tablet=&quot;&quot; transform_origin_phone=&quot;&quot; transform_origin_last_edited=&quot;on|phone&quot; transform_styles_last_edited=&quot;on|phone&quot; background_layout=&quot;dark&quot; max_width=&quot;671px&quot; custom_margin=&quot;|||-11px||&quot; custom_padding=&quot;|0px||||&quot; animation_style=&quot;slide&quot; animation_direction=&quot;left&quot; header_font_size_tablet=&quot;89px&quot; header_font_size_phone=&quot;50px&quot; header_font_size_last_edited=&quot;on|phone&quot; transform_styles_tablet=&quot;&quot; transform_styles_phone=&quot;&quot;]<\/p>\n<h1><strong><\/strong><\/h1>\n<h1><strong><\/strong><\/h1>\n<h1><strong><\/strong><\/h1>\n<h1><strong><\/strong><\/h1>\n<h1><strong><\/strong><\/h1>\n<h1><strong><\/strong><\/h1>\n<h1><strong><\/strong><\/h1>\n<h1><strong><\/strong><\/h1>\n<h1><strong><\/strong><\/h1>\n<h1><strong><\/strong><\/h1>\n<h1><strong><\/strong><\/h1>\n<h1><strong><\/strong><\/h1>\n<h1><strong><\/strong><\/h1>\n<h1><strong>Riesgos especiales<\/strong><\/h1>\n<p>[\/et_pb_text][\/et_pb_column][\/et_pb_row][\/et_pb_section][et_pb_section fb_built=&quot;1&quot; disabled_on=&quot;off|off|off&quot; admin_label=&quot;Partners&quot; _builder_version=&quot;4.7.7&quot; background_size=&quot;contain&quot; custom_margin=&quot;||14px|||&quot; custom_padding=&quot;24px|||||&quot;][et_pb_row column_structure=&quot;1_4,3_4&quot; _builder_version=&quot;3.25&quot; custom_padding=&quot;27px|0px|27px|0px&quot;][et_pb_column type=&quot;1_4&quot; _builder_version=&quot;3.25&quot; custom_padding=&quot;|||&quot; custom_padding__hover=&quot;|||&quot;][et_pb_image src=&quot;https:\/\/www.rua-asistencia.com.uy\/wp-content\/uploads\/sites\/17\/2021\/08\/RIESGOS-ESPECIALES.png&quot; title_text=&quot;RIESGOS ESPECIALES&quot; align=&quot;right&quot; align_tablet=&quot;&quot; align_phone=&quot;center&quot; align_last_edited=&quot;on|phone&quot; _builder_version=&quot;4.7.7&quot; _module_preset=&quot;default&quot; transform_scale_tablet=&quot;&quot; transform_scale_phone=&quot;86%|86%&quot; transform_scale_last_edited=&quot;on|phone&quot; transform_translate_tablet=&quot;&quot; transform_translate_phone=&quot;&quot; transform_translate_last_edited=&quot;on|phone&quot; transform_rotate_tablet=&quot;&quot; transform_rotate_phone=&quot;&quot; transform_rotate_last_edited=&quot;on|phone&quot; transform_skew_tablet=&quot;&quot; transform_skew_phone=&quot;&quot; transform_skew_last_edited=&quot;on|phone&quot; transform_origin_tablet=&quot;&quot; transform_origin_phone=&quot;&quot; transform_origin_last_edited=&quot;on|phone&quot; transform_styles_last_edited=&quot;on|phone&quot; width=&quot;93%&quot; hover_enabled=&quot;0&quot; transform_styles_tablet=&quot;&quot; transform_styles_phone=&quot;&quot; sticky_enabled=&quot;0&quot;][\/et_pb_image][\/et_pb_column][et_pb_column type=&quot;3_4&quot; _builder_version=&quot;3.25&quot; custom_padding=&quot;|||&quot; custom_padding__hover=&quot;|||&quot;][et_pb_text _builder_version=&quot;4.7.7&quot; text_font=&quot;||||||||&quot; text_font_size=&quot;20px&quot; text_line_height=&quot;1.8em&quot; header_font=&quot;||||||||&quot; header_2_font=&quot;Poppins||||||||&quot; header_2_text_color=&quot;#000080&quot; header_2_font_size=&quot;55px&quot; header_2_line_height=&quot;1.4em&quot; header_3_font=&quot;||||||||&quot; text_orientation=&quot;center&quot; max_width=&quot;700px&quot; module_alignment=&quot;center&quot; custom_padding_tablet=&quot;&quot; custom_padding_phone=&quot;|||10px|false|false&quot; custom_padding_last_edited=&quot;on|phone&quot; animation_style=&quot;fade&quot; animation_duration=&quot;1300ms&quot;]<\/p>\n<h2 style=\"text-align: left;\"><\/h2>\n<p style=\"text-align: left;\"><span><\/span><\/p>\n<p style=\"text-align: left;\"><span>A trav\u00e9s de asociaciones con compa\u00f1\u00edas de seguros, brindamos protecci\u00f3n especial a los empleados, a sus bienes patrimoniales, protegemos sus compras realizadas con tarjetas de cr\u00e9dito y ofrecemos garant\u00eda extendida a electrodom\u00e9sticos.<\/span><\/p>\n<p>[\/et_pb_text][\/et_pb_column][\/et_pb_row][\/et_pb_section][et_pb_section fb_built=\u00bb1&#8243; admin_label=\u00bbFeatures\u00bb _builder_version=\u00bb4.7.7&#8243; background_image=\u00bbhttp:\/\/desarrollo.rua-asistencia.com\/uruguay\/wp-content\/uploads\/sites\/17\/2021\/01\/Rua-asistencia-fondo3.png\u00bb parallax=\u00bbon\u00bb parallax_method=\u00bboff\u00bb custom_padding=\u00bb2px|0px|135px|0px||\u00bb][et_pb_row column_structure=\u00bb1_3,1_3,1_3&#8243; _builder_version=\u00bb4.7.7&#8243; width=\u00bb72%\u00bb][et_pb_column type=\u00bb1_3&#8243; _builder_version=\u00bb3.25&#8243; custom_padding=\u00bb|||\u00bb custom_padding__hover=\u00bb|||\u00bb][et_pb_blurb title=\u00bbGarant\u00eda uso Fraudulento\u00bb icon_alignment=\u00bbleft\u00bb image_max_width=\u00bb101px\u00bb content_max_width=\u00bb1030px\u00bb _builder_version=\u00bb4.7.7&#8243; header_font=\u00bbPoppins|600||on|||||\u00bb header_text_color=\u00bb#ff542c\u00bb header_font_size=\u00bb20px\u00bb header_line_height=\u00bb1.4em\u00bb body_font=\u00bb||||||||\u00bb body_font_size=\u00bb18px\u00bb body_line_height=\u00bb1.8em\u00bb background_color=\u00bb#ffffff\u00bb max_width_last_edited=\u00bboff|desktop\u00bb custom_padding=\u00bb30px|26px|20px|30px|false|false\u00bb animation_style=\u00bbfade\u00bb animation_delay=\u00bb100ms\u00bb animation=\u00bboff\u00bb border_radii=\u00bboff|30px|30px||\u00bb border_width_bottom=\u00bb15px\u00bb border_color_bottom=\u00bb#ff542c\u00bb border_radii_image=\u00bbon|2px|2px|2px|2px\u00bb border_color_all_image=\u00bbrgba(0,0,0,0.1)\u00bb box_shadow_style=\u00bbpreset1&#8243;]<\/p>\n<p><span>En caso de robo o extrav\u00edo de la tarjeta brindamos protecci\u00f3n por compras realizadas.<\/span><\/p>\n<p>[\/et_pb_blurb][\/et_pb_column][et_pb_column type=\u00bb1_3&#8243; _builder_version=\u00bb3.25&#8243; custom_padding=\u00bb|||\u00bb custom_padding__hover=\u00bb|||\u00bb][et_pb_blurb title=\u00bbAsistencia por Desempleo\u00bb icon_alignment=\u00bbleft\u00bb image_max_width=\u00bb100px\u00bb _builder_version=\u00bb4.7.7&#8243; header_font=\u00bbPoppins|600||on|||||\u00bb header_text_color=\u00bb#ff542c\u00bb header_font_size=\u00bb20px\u00bb header_line_height=\u00bb1.4em\u00bb body_font=\u00bb||||||||\u00bb body_font_size=\u00bb18px\u00bb body_line_height=\u00bb1.8em\u00bb background_color=\u00bb#ffffff\u00bb max_width_last_edited=\u00bboff|desktop\u00bb custom_margin=\u00bb||||false|false\u00bb custom_padding=\u00bb30px|18px|52px|30px|false|false\u00bb animation_style=\u00bbfade\u00bb animation=\u00bboff\u00bb border_radii=\u00bboff|30px|30px||\u00bb border_width_bottom=\u00bb15px\u00bb border_color_bottom=\u00bb#ff542c\u00bb border_radii_image=\u00bbon|14px|14px|14px|14px\u00bb border_color_all_image=\u00bbrgba(0,0,0,0.1)\u00bb box_shadow_style=\u00bbpreset1&#8243;]<\/p>\n<p><span>Brindamos la mejor cobertura ante la p\u00e9rdida involuntaria del empleo.<\/span><\/p>\n<p>[\/et_pb_blurb][\/et_pb_column][et_pb_column type=\u00bb1_3&#8243; _builder_version=\u00bb3.25&#8243; custom_padding=\u00bb|||\u00bb custom_padding__hover=\u00bb|||\u00bb][et_pb_blurb title=\u00bbProtecci\u00f3n de compras\u00bb icon_alignment=\u00bbleft\u00bb image_max_width=\u00bb100px\u00bb _builder_version=\u00bb4.7.7&#8243; header_font=\u00bbPoppins|600||on|||||\u00bb header_text_color=\u00bb#ff542c\u00bb header_font_size=\u00bb20px\u00bb header_line_height=\u00bb1.4em\u00bb body_font=\u00bb||||||||\u00bb body_font_size=\u00bb18px\u00bb body_line_height=\u00bb1.8em\u00bb background_color=\u00bb#ffffff\u00bb max_width_last_edited=\u00bboff|desktop\u00bb custom_margin=\u00bb||||false|false\u00bb custom_padding=\u00bb30px|21px|82px|29px|false|false\u00bb animation_style=\u00bbfade\u00bb animation=\u00bboff\u00bb border_radii=\u00bboff|30px|30px||\u00bb border_width_bottom=\u00bb15px\u00bb border_color_bottom=\u00bb#ff542c\u00bb border_radii_image=\u00bbon|14px|14px|14px|14px\u00bb border_color_all_image=\u00bbrgba(0,0,0,0.1)\u00bb box_shadow_style=\u00bbpreset1&#8243;]<\/p>\n<p><span>Cubrimos el riesgo de roturas, da\u00f1os accidentales o robo de bienes adquiridos.<\/span><\/p>\n<p>[\/et_pb_blurb][\/et_pb_column][\/et_pb_row][et_pb_row column_structure=\u00bb1_3,1_3,1_3&#8243; _builder_version=\u00bb4.7.7&#8243; width=\u00bb72%\u00bb][et_pb_column type=\u00bb1_3&#8243; _builder_version=\u00bb3.25&#8243; custom_padding=\u00bb|||\u00bb custom_padding__hover=\u00bb|||\u00bb][et_pb_blurb title=\u00bbasistencia ante robo\u00bb icon_alignment=\u00bbleft\u00bb image_max_width=\u00bb101px\u00bb content_max_width=\u00bb1030px\u00bb _builder_version=\u00bb4.7.7&#8243; header_font=\u00bbPoppins|600||on|||||\u00bb header_text_color=\u00bb#ff542c\u00bb header_font_size=\u00bb20px\u00bb header_line_height=\u00bb1.4em\u00bb body_font=\u00bb||||||||\u00bb body_font_size=\u00bb18px\u00bb body_line_height=\u00bb1.8em\u00bb background_color=\u00bb#ffffff\u00bb max_width_last_edited=\u00bboff|desktop\u00bb custom_padding=\u00bb30px|26px|20px|30px|false|false\u00bb animation_style=\u00bbfade\u00bb animation_delay=\u00bb100ms\u00bb animation=\u00bboff\u00bb border_radii=\u00bboff|30px|30px||\u00bb border_width_bottom=\u00bb15px\u00bb border_color_bottom=\u00bb#ff542c\u00bb border_radii_image=\u00bbon|2px|2px|2px|2px\u00bb border_color_all_image=\u00bbrgba(0,0,0,0.1)\u00bb box_shadow_style=\u00bbpreset1&#8243;]<\/p>\n<p><span>Disponibilizamos una cobertura integral ante robo de objetos personales, del hogar o su veh\u00edculo.<\/span><\/p>\n<p>[\/et_pb_blurb][\/et_pb_column][et_pb_column type=\u00bb1_3&#8243; _builder_version=\u00bb3.25&#8243; custom_padding=\u00bb|||\u00bb custom_padding__hover=\u00bb|||\u00bb][et_pb_blurb title=\u00bbgarant\u00eda extendida\u00bb icon_alignment=\u00bbleft\u00bb image_max_width=\u00bb100px\u00bb _builder_version=\u00bb4.7.7&#8243; header_font=\u00bbPoppins|600||on|||||\u00bb header_text_color=\u00bb#ff542c\u00bb header_font_size=\u00bb20px\u00bb header_line_height=\u00bb1.4em\u00bb body_font=\u00bb||||||||\u00bb body_font_size=\u00bb18px\u00bb body_line_height=\u00bb1.8em\u00bb background_color=\u00bb#ffffff\u00bb max_width_last_edited=\u00bboff|desktop\u00bb custom_margin=\u00bb||||false|false\u00bb custom_padding=\u00bb30px|13px|52px|28px|false|false\u00bb animation_style=\u00bbfade\u00bb animation=\u00bboff\u00bb border_radii=\u00bboff|30px|30px||\u00bb border_width_bottom=\u00bb15px\u00bb border_color_bottom=\u00bb#ff542c\u00bb border_radii_image=\u00bbon|14px|14px|14px|14px\u00bb border_color_all_image=\u00bbrgba(0,0,0,0.1)\u00bb box_shadow_style=\u00bbpreset1&#8243;]<\/p>\n<p><span>Brindamos una extensi\u00f3n de garant\u00eda sobre los electrodom\u00e9sticos adquiridos.<\/span><\/p>\n<p>[\/et_pb_blurb][\/et_pb_column][et_pb_column type=\u00bb1_3&#8243; _builder_version=\u00bb3.25&#8243; custom_padding=\u00bb|||\u00bb custom_padding__hover=\u00bb|||\u00bb][et_pb_blurb title=\u00bbtarjeta blindada\u00bb icon_alignment=\u00bbleft\u00bb image_max_width=\u00bb100px\u00bb _builder_version=\u00bb4.7.7&#8243; header_font=\u00bbPoppins|600||on|||||\u00bb header_text_color=\u00bb#ff542c\u00bb header_font_size=\u00bb20px\u00bb header_line_height=\u00bb1.4em\u00bb body_font=\u00bb||||||||\u00bb body_font_size=\u00bb18px\u00bb body_line_height=\u00bb1.8em\u00bb background_color=\u00bb#ffffff\u00bb max_width_last_edited=\u00bboff|desktop\u00bb custom_margin=\u00bb||||false|false\u00bb custom_padding=\u00bb30px|21px|52px|29px|false|false\u00bb animation_style=\u00bbfade\u00bb animation=\u00bboff\u00bb border_radii=\u00bboff|30px|30px||\u00bb border_width_bottom=\u00bb15px\u00bb border_color_bottom=\u00bb#ff542c\u00bb border_radii_image=\u00bbon|14px|14px|14px|14px\u00bb border_color_all_image=\u00bbrgba(0,0,0,0.1)\u00bb box_shadow_style=\u00bbpreset1&#8243;]<\/p>\n<p><span>Servicio de primer nivel en caso de sufrir un robo o asalto.<\/span><\/p>\n<p>[\/et_pb_blurb][\/et_pb_column][\/et_pb_row][et_pb_row column_structure=\u00bb1_2,1_2&#8243; _builder_version=\u00bb4.7.7&#8243; width=\u00bb72%\u00bb][et_pb_column type=\u00bb1_2&#8243; _builder_version=\u00bb3.25&#8243; custom_padding=\u00bb|||\u00bb custom_padding__hover=\u00bb|||\u00bb][et_pb_blurb title=\u00bbAsistencia ante Robo \u2013 One Call\u00bb icon_alignment=\u00bbleft\u00bb image_max_width=\u00bb100px\u00bb _builder_version=\u00bb4.7.7&#8243; header_font=\u00bbPoppins|600||on|||||\u00bb header_text_color=\u00bb#ff542c\u00bb header_font_size=\u00bb20px\u00bb header_line_height=\u00bb1.4em\u00bb body_font=\u00bb||||||||\u00bb body_font_size=\u00bb18px\u00bb body_line_height=\u00bb1.8em\u00bb background_color=\u00bb#ffffff\u00bb max_width_last_edited=\u00bboff|desktop\u00bb custom_margin=\u00bb||||false|false\u00bb custom_padding=\u00bb30px|21px|52px|29px|false|false\u00bb animation_style=\u00bbfade\u00bb animation=\u00bboff\u00bb border_radii=\u00bboff|30px|30px||\u00bb border_width_bottom=\u00bb15px\u00bb border_color_bottom=\u00bb#ff542c\u00bb border_radii_image=\u00bbon|14px|14px|14px|14px\u00bb border_color_all_image=\u00bbrgba(0,0,0,0.1)\u00bb box_shadow_style=\u00bbpreset1&#8243;]<\/p>\n<div>En caso de sufrir un robo o asalto al en la v\u00eda p\u00fablica o conduciendo un veh\u00edculo, coordinamos los servicios necesarios para resguardar la tranquilidad de las personas, preservando la integridad f\u00edsica y financiera de \u00e9stas.<\/div>\n<p>[\/et_pb_blurb][\/et_pb_column][et_pb_column type=\u00bb1_2&#8243; _builder_version=\u00bb3.25&#8243; custom_padding=\u00bb|||\u00bb custom_padding__hover=\u00bb|||\u00bb][et_pb_blurb title=\u00bbhospitalizaci\u00f3n\u00bb icon_alignment=\u00bbleft\u00bb image_max_width=\u00bb100px\u00bb _builder_version=\u00bb4.7.7&#8243; header_font=\u00bbPoppins|600||on|||||\u00bb header_text_color=\u00bb#ff542c\u00bb header_font_size=\u00bb20px\u00bb header_line_height=\u00bb1.4em\u00bb body_font=\u00bb||||||||\u00bb body_font_size=\u00bb18px\u00bb body_line_height=\u00bb1.8em\u00bb background_color=\u00bb#ffffff\u00bb max_width_last_edited=\u00bboff|desktop\u00bb custom_margin=\u00bb||||false|false\u00bb custom_padding=\u00bb30px|21px|117px|29px|false|false\u00bb animation_style=\u00bbfade\u00bb animation=\u00bboff\u00bb border_radii=\u00bboff|30px|30px||\u00bb border_width_bottom=\u00bb15px\u00bb border_color_bottom=\u00bb#ff542c\u00bb border_radii_image=\u00bbon|14px|14px|14px|14px\u00bb border_color_all_image=\u00bbrgba(0,0,0,0.1)\u00bb box_shadow_style=\u00bbpreset1&#8243;]<\/p>\n<p><span>En caso de hospitalizaci\u00f3n y si hubiera disminuci\u00f3n de ingresos, proporcionamos la mejor cobertura del mercado.<\/span><\/p>\n<p>[\/et_pb_blurb][\/et_pb_column][\/et_pb_row][\/et_pb_section]<\/p>\n","protected":false},"excerpt":{"rendered":"<p>[et_pb_section fb_built=&quot;1&quot; custom_padding_last_edited=&quot;on|phone&quot; admin_label=&quot;Hero&quot; _builder_version=&quot;4.7.7&quot; background_color_gradient_direction=&quot;60deg&quot; background_image=&quot;https:\/\/www.rua-asistencia.com.uy\/wp-content\/uploads\/sites\/17\/2021\/08\/riesgos-especiales-rua-asistencia.png&quot; background_position=&quot;bottom_center&quot; width=&quot;100%&quot; max_width=&quot;100%&quot; min_height=&quot;590px&quot; max_height=&quot;1063px&quot; custom_margin=&quot;||16px|||&quot; custom_margin_tablet=&quot;&quot; custom_margin_phone=&quot;||0px||false|false&quot; custom_margin_last_edited=&quot;on|phone&quot; custom_padding=&quot;100px|0px|0px|0px||&quot; custom_padding_tablet=&quot;&quot; custom_padding_phone=&quot;0px|0px|0px|0px|false|false&quot; hover_enabled=&quot;0&quot; background_last_edited=&quot;on|phone&quot; background_position_tablet=&quot;center_right&quot; background_position_phone=&quot;top_right&quot; title_text=&quot;riesgos-especiales-rua-asistencia&quot; sticky_enabled=&quot;0&quot;][et_pb_row column_structure=&quot;2_5,3_5&quot; disabled_on=&quot;off|off|off&quot; _builder_version=&quot;4.7.7&quot; custom_margin=&quot;|85px||auto||&quot; custom_padding=&quot;|||&quot;][et_pb_column type=&quot;2_5&quot; _builder_version=&quot;3.25&quot; custom_padding=&quot;||60px|&quot; custom_padding__hover=&quot;|||&quot;][et_pb_button button_text=&quot;Get Started&quot; button_alignment=&quot;left&quot; disabled_on=&quot;on|on|on&quot; _builder_version=&quot;4.7.7&quot; custom_button=&quot;on&quot; button_text_size=&quot;14px&quot; button_text_color=&quot;#ffffff&quot; button_bg_color=&quot;#ff542c&quot; button_border_width=&quot;0px&quot; button_border_radius=&quot;100px&quot; button_letter_spacing=&quot;1px&quot; button_font=&quot;Poppins|600||on|||||&quot; button_use_icon=&quot;off&quot; background_layout=&quot;dark&quot; custom_padding=&quot;10px|30px|10px|30px&quot; animation_style=&quot;fade&quot; box_shadow_style=&quot;preset3&quot; box_shadow_vertical=&quot;8px&quot; box_shadow_color=&quot;rgba(0,137,242,0.61)&quot; button_letter_spacing_hover=&quot;1px&quot; [&hellip;]<\/p>\n","protected":false},"author":1,"featured_media":0,"parent":0,"menu_order":0,"comment_status":"closed","ping_status":"closed","template":"","meta":{"_et_pb_use_builder":"on","_et_pb_old_content":"","_et_gb_content_width":"","footnotes":""},"class_list":["post-830","page","type-page","status-publish","hentry"],"_links":{"self":[{"href":"https:\/\/www.rua-asistencia.com.uy\/index.php\/wp-json\/wp\/v2\/pages\/830","targetHints":{"allow":["GET"]}}],"collection":[{"href":"https:\/\/www.rua-asistencia.com.uy\/index.php\/wp-json\/wp\/v2\/pages"}],"about":[{"href":"https:\/\/www.rua-asistencia.com.uy\/index.php\/wp-json\/wp\/v2\/types\/page"}],"author":[{"embeddable":true,"href":"https:\/\/www.rua-asistencia.com.uy\/index.php\/wp-json\/wp\/v2\/users\/1"}],"replies":[{"embeddable":true,"href":"https:\/\/www.rua-asistencia.com.uy\/index.php\/wp-json\/wp\/v2\/comments?post=830"}],"version-history":[{"count":0,"href":"https:\/\/www.rua-asistencia.com.uy\/index.php\/wp-json\/wp\/v2\/pages\/830\/revisions"}],"wp:attachment":[{"href":"https:\/\/www.rua-asistencia.com.uy\/index.php\/wp-json\/wp\/v2\/media?parent=830"}],"curies":[{"name":"wp","href":"https:\/\/api.w.org\/{rel}","templated":true}]}}