{"id":832,"date":"2021-01-26T17:17:47","date_gmt":"2021-01-26T20:17:47","guid":{"rendered":"http:\/\/desarrollo.rua-asistencia.com\/uruguay\/?page_id=832"},"modified":"2021-01-26T17:17:47","modified_gmt":"2021-01-26T20:17:47","slug":"tecnologia","status":"publish","type":"page","link":"https:\/\/www.rua-asistencia.com.uy\/index.php\/tecnologia\/","title":{"rendered":"Tecnolog\u00eda"},"content":{"rendered":"<p>[et_pb_section fb_built=&quot;1&quot; custom_padding_last_edited=&quot;on|phone&quot; admin_label=&quot;Hero&quot; _builder_version=&quot;4.7.7&quot; background_color_gradient_direction=&quot;60deg&quot; background_image=&quot;https:\/\/www.rua-asistencia.com.uy\/wp-content\/uploads\/sites\/17\/2021\/08\/tecnologia-rua-asistencia.png&quot; background_position=&quot;bottom_center&quot; width=&quot;100%&quot; max_width=&quot;100%&quot; min_height=&quot;590px&quot; max_height=&quot;1063px&quot; custom_margin=&quot;||16px|||&quot; custom_padding=&quot;100px|0px|7px|0px||&quot; custom_padding_tablet=&quot;&quot; custom_padding_phone=&quot;0px|0px|0px|0px|false|false&quot; hover_enabled=&quot;0&quot; background_last_edited=&quot;on|phone&quot; background_position_tablet=&quot;bottom_left&quot; background_position_phone=&quot;bottom_left&quot; title_text=&quot;tecnologia-rua-asistencia&quot; sticky_enabled=&quot;0&quot;][et_pb_row column_structure=&quot;2_3,1_3&quot; disabled_on=&quot;off|off|off&quot; _builder_version=&quot;4.7.7&quot; custom_padding=&quot;|||&quot;][et_pb_column type=&quot;2_3&quot; _builder_version=&quot;3.25&quot; custom_padding=&quot;||60px|&quot; custom_padding__hover=&quot;|||&quot;][et_pb_text disabled_on=&quot;off|off|off&quot; _builder_version=&quot;4.7.7&quot; text_font=&quot;Open Sans|600|||||||&quot; text_font_size=&quot;16px&quot; text_line_height=&quot;1.8em&quot; header_font=&quot;Poppins||||||||&quot; header_text_color=&quot;#000080&quot; header_font_size=&quot;100px&quot; header_line_height=&quot;1.2em&quot; transform_scale_tablet=&quot;&quot; transform_scale_phone=&quot;&quot; transform_scale_last_edited=&quot;on|phone&quot; transform_translate_tablet=&quot;&quot; transform_translate_phone=&quot;12px|168px&quot; transform_translate_last_edited=&quot;on|phone&quot; transform_rotate_tablet=&quot;&quot; transform_rotate_phone=&quot;&quot; transform_rotate_last_edited=&quot;on|phone&quot; transform_skew_tablet=&quot;&quot; transform_skew_phone=&quot;&quot; transform_skew_last_edited=&quot;on|phone&quot; transform_origin_tablet=&quot;&quot; transform_origin_phone=&quot;&quot; transform_origin_last_edited=&quot;on|phone&quot; transform_styles_last_edited=&quot;on|phone&quot; background_layout=&quot;dark&quot; max_width=&quot;671px&quot; custom_padding=&quot;|0px||||&quot; animation_style=&quot;slide&quot; animation_direction=&quot;left&quot; header_font_size_tablet=&quot;85px&quot; header_font_size_phone=&quot;50px&quot; header_font_size_last_edited=&quot;on|phone&quot; transform_styles_tablet=&quot;&quot; transform_styles_phone=&quot;&quot;]<\/p>\n<h1><strong><\/strong><\/h1>\n<h1><strong>Tecnolog\u00eda<\/strong><\/h1>\n<p>[\/et_pb_text][\/et_pb_column][et_pb_column type=&quot;1_3&quot; _builder_version=&quot;3.25&quot; custom_padding=&quot;|||&quot; custom_padding__hover=&quot;|||&quot;][\/et_pb_column][\/et_pb_row][\/et_pb_section][et_pb_section fb_built=&quot;1&quot; disabled_on=&quot;off|off|off&quot; admin_label=&quot;Partners&quot; _builder_version=&quot;4.7.7&quot; background_size=&quot;contain&quot; custom_padding=&quot;0px|||||&quot;][et_pb_row column_structure=&quot;1_4,3_4&quot; _builder_version=&quot;3.25&quot; custom_padding=&quot;27px|0px|27px|0px&quot;][et_pb_column type=&quot;1_4&quot; _builder_version=&quot;3.25&quot; custom_padding=&quot;|||&quot; custom_padding__hover=&quot;|||&quot;][et_pb_image src=&quot;https:\/\/www.rua-asistencia.com.uy\/wp-content\/uploads\/sites\/17\/2021\/08\/TECNOLOGIA.png&quot; title_text=&quot;TECNOLOGIA&quot; align=&quot;right&quot; align_tablet=&quot;left&quot; align_phone=&quot;&quot; align_last_edited=&quot;on|phone&quot; _builder_version=&quot;4.7.7&quot; _module_preset=&quot;default&quot; transform_scale_tablet=&quot;86%|86%&quot; transform_scale_phone=&quot;80%|80%&quot; transform_scale_last_edited=&quot;on|phone&quot; transform_translate_tablet=&quot;-31px|0px&quot; transform_translate_phone=&quot;-19px|0px&quot; transform_translate_last_edited=&quot;on|phone&quot; transform_rotate_tablet=&quot;&quot; transform_rotate_phone=&quot;&quot; transform_rotate_last_edited=&quot;on|phone&quot; transform_skew_tablet=&quot;&quot; transform_skew_phone=&quot;&quot; transform_skew_last_edited=&quot;on|phone&quot; transform_origin_tablet=&quot;&quot; transform_origin_phone=&quot;&quot; transform_origin_last_edited=&quot;on|phone&quot; transform_styles_last_edited=&quot;on|phone&quot; width=&quot;88%&quot; module_alignment=&quot;right&quot; hover_enabled=&quot;0&quot; transform_styles_tablet=&quot;&quot; transform_styles_phone=&quot;&quot; sticky_enabled=&quot;0&quot;][\/et_pb_image][\/et_pb_column][et_pb_column type=&quot;3_4&quot; _builder_version=&quot;3.25&quot; custom_padding=&quot;|||&quot; custom_padding__hover=&quot;|||&quot;][et_pb_text _builder_version=&quot;4.7.7&quot; text_font=&quot;||||||||&quot; text_font_size=&quot;20px&quot; text_line_height=&quot;1.8em&quot; header_font=&quot;||||||||&quot; header_2_font=&quot;Poppins||||||||&quot; header_2_text_color=&quot;#000080&quot; header_2_font_size=&quot;55px&quot; header_2_line_height=&quot;1.4em&quot; header_3_font=&quot;||||||||&quot; text_orientation=&quot;center&quot; max_width=&quot;700px&quot; module_alignment=&quot;center&quot; custom_padding_tablet=&quot;&quot; custom_padding_phone=&quot;|||10px|false|false&quot; custom_padding_last_edited=&quot;on|phone&quot; animation_style=&quot;fade&quot; animation_duration=&quot;1300ms&quot; text_font_size_tablet=&quot;&quot; text_font_size_phone=&quot;&quot; text_font_size_last_edited=&quot;on|phone&quot;]<\/p>\n<h2 style=\"text-align: left;\"><\/h2>\n<p style=\"text-align: left;\"><span><\/span><\/p>\n<p style=\"text-align: left;\"><span>Desarrollamos productos innovadores para satisfacer problemas o necesidades asociadas a Protecci\u00f3n de da\u00f1os, Garant\u00eda extendida, Comodato, Recupero de datos, Cobertura por hurto, as\u00ed como desarrollo de p\u00e1ginas<\/span><span>\u00a0webs, soporte t\u00e9cnico y soluciones de GPS.<\/span><\/p>\n<p>[\/et_pb_text][\/et_pb_column][\/et_pb_row][\/et_pb_section][et_pb_section fb_built=\u00bb1&#8243; admin_label=\u00bbFeatures\u00bb _builder_version=\u00bb4.7.7&#8243; background_image=\u00bbhttp:\/\/desarrollo.rua-asistencia.com\/uruguay\/wp-content\/uploads\/sites\/17\/2021\/01\/Rua-asistencia-fondo.png\u00bb parallax=\u00bbon\u00bb parallax_method=\u00bboff\u00bb custom_padding=\u00bb77px|0px|131px|0px||\u00bb][et_pb_row column_structure=\u00bb1_3,1_3,1_3&#8243; _builder_version=\u00bb4.7.7&#8243; width=\u00bb72%\u00bb][et_pb_column type=\u00bb1_3&#8243; _builder_version=\u00bb3.25&#8243; custom_padding=\u00bb|||\u00bb custom_padding__hover=\u00bb|||\u00bb][et_pb_blurb title=\u00bbAsistencia Inform\u00e1tica\u00bb icon_alignment=\u00bbleft\u00bb image_max_width=\u00bb101px\u00bb content_max_width=\u00bb1030px\u00bb _builder_version=\u00bb4.7.7&#8243; header_font=\u00bbPoppins|600||on|||||\u00bb header_text_color=\u00bb#ff542c\u00bb header_font_size=\u00bb20px\u00bb header_line_height=\u00bb1.4em\u00bb body_font=\u00bb||||||||\u00bb body_font_size=\u00bb18px\u00bb body_line_height=\u00bb1.8em\u00bb background_color=\u00bb#ffffff\u00bb max_width_last_edited=\u00bboff|desktop\u00bb custom_padding=\u00bb40px|19px|37px|28px|false|false\u00bb animation_style=\u00bbfade\u00bb animation_delay=\u00bb100ms\u00bb animation=\u00bboff\u00bb border_radii=\u00bboff|30px|30px||\u00bb border_width_bottom=\u00bb15px\u00bb border_color_bottom=\u00bb#ff542c\u00bb border_radii_image=\u00bbon|2px|2px|2px|2px\u00bb border_color_all_image=\u00bbrgba(0,0,0,0.1)\u00bb box_shadow_style=\u00bbpreset1&#8243;]<\/p>\n<p><span>Brindamos atenci\u00f3n personalizada por t\u00e9cnicos especializados v\u00eda telef\u00f3nica o con acceso remoto a su PC.<\/span><\/p>\n<p>[\/et_pb_blurb][\/et_pb_column][et_pb_column type=\u00bb1_3&#8243; _builder_version=\u00bb3.25&#8243; custom_padding=\u00bb|||\u00bb custom_padding__hover=\u00bb|||\u00bb][et_pb_blurb title=\u00bbreparaci\u00f3n de equipos m\u00f3viles\u00bb icon_alignment=\u00bbleft\u00bb image_max_width=\u00bb101px\u00bb content_max_width=\u00bb1030px\u00bb _builder_version=\u00bb4.7.7&#8243; header_font=\u00bbPoppins|600||on|||||\u00bb header_text_color=\u00bb#ff542c\u00bb header_font_size=\u00bb20px\u00bb header_line_height=\u00bb1.4em\u00bb body_font=\u00bb||||||||\u00bb body_font_size=\u00bb18px\u00bb body_line_height=\u00bb1.8em\u00bb background_color=\u00bb#ffffff\u00bb max_width_last_edited=\u00bboff|desktop\u00bb custom_padding=\u00bb40px|19px|41px|28px|false|false\u00bb animation_style=\u00bbfade\u00bb animation_delay=\u00bb100ms\u00bb animation=\u00bboff\u00bb border_radii=\u00bboff|30px|30px||\u00bb border_width_bottom=\u00bb15px\u00bb border_color_bottom=\u00bb#ff542c\u00bb border_radii_image=\u00bbon|2px|2px|2px|2px\u00bb border_color_all_image=\u00bbrgba(0,0,0,0.1)\u00bb box_shadow_style=\u00bbpreset1&#8243;]<\/p>\n<p>Cubrimos los gastos de reparaci\u00f3n o reposici\u00f3n de los equipos.<\/p>\n<p>[\/et_pb_blurb][\/et_pb_column][et_pb_column type=\u00bb1_3&#8243; _builder_version=\u00bb3.25&#8243; custom_padding=\u00bb|||\u00bb custom_padding__hover=\u00bb|||\u00bb][et_pb_blurb title=\u00bbrastreo satelital\u00bb icon_alignment=\u00bbleft\u00bb image_max_width=\u00bb101px\u00bb content_max_width=\u00bb1030px\u00bb _builder_version=\u00bb4.7.7&#8243; header_font=\u00bbPoppins|600||on|||||\u00bb header_text_color=\u00bb#ff542c\u00bb header_font_size=\u00bb20px\u00bb header_line_height=\u00bb1.4em\u00bb body_font=\u00bb||||||||\u00bb body_font_size=\u00bb18px\u00bb body_line_height=\u00bb1.8em\u00bb background_color=\u00bb#ffffff\u00bb max_width_last_edited=\u00bboff|desktop\u00bb custom_padding=\u00bb40px|19px|37px|28px|false|false\u00bb animation_style=\u00bbfade\u00bb animation_delay=\u00bb100ms\u00bb animation=\u00bboff\u00bb border_radii=\u00bboff|30px|30px||\u00bb border_width_bottom=\u00bb15px\u00bb border_color_bottom=\u00bb#ff542c\u00bb border_radii_image=\u00bbon|2px|2px|2px|2px\u00bb border_color_all_image=\u00bbrgba(0,0,0,0.1)\u00bb box_shadow_style=\u00bbpreset1&#8243;]<\/p>\n<p><span>Servicio de rastreo de la ubicaci\u00f3n de un Smartphone por geolocalizaci\u00f3n en caso de robo o extrav\u00edo.<\/span><\/p>\n<p>[\/et_pb_blurb][\/et_pb_column][\/et_pb_row][et_pb_row column_structure=\u00bb1_3,1_3,1_3&#8243; _builder_version=\u00bb4.7.7&#8243; width=\u00bb72%\u00bb][et_pb_column type=\u00bb1_3&#8243; _builder_version=\u00bb3.25&#8243; custom_padding=\u00bb|||\u00bb custom_padding__hover=\u00bb|||\u00bb][et_pb_blurb title=\u00bbcomodato\u00bb icon_alignment=\u00bbleft\u00bb image_max_width=\u00bb101px\u00bb content_max_width=\u00bb1030px\u00bb _builder_version=\u00bb4.7.7&#8243; header_font=\u00bbPoppins|600||on|||||\u00bb header_text_color=\u00bb#ff542c\u00bb header_font_size=\u00bb20px\u00bb header_line_height=\u00bb1.4em\u00bb body_font=\u00bb||||||||\u00bb body_font_size=\u00bb18px\u00bb body_line_height=\u00bb1.8em\u00bb background_color=\u00bb#ffffff\u00bb max_width_last_edited=\u00bboff|desktop\u00bb custom_padding=\u00bb40px|19px|37px|28px|false|false\u00bb animation_style=\u00bbfade\u00bb animation_delay=\u00bb100ms\u00bb animation=\u00bboff\u00bb border_radii=\u00bboff|30px|30px||\u00bb border_width_bottom=\u00bb15px\u00bb border_color_bottom=\u00bb#ff542c\u00bb border_radii_image=\u00bbon|2px|2px|2px|2px\u00bb border_color_all_image=\u00bbrgba(0,0,0,0.1)\u00bb box_shadow_style=\u00bbpreset1&#8243;]<\/p>\n<p><span>Mientras el equipo es retirado para su an\u00e1lisis y reparaci\u00f3n, brindamos en comodato un aparato de similares caracter\u00edsticas.<\/span><\/p>\n<p>[\/et_pb_blurb][\/et_pb_column][et_pb_column type=\u00bb1_3&#8243; _builder_version=\u00bb3.25&#8243; custom_padding=\u00bb|||\u00bb custom_padding__hover=\u00bb|||\u00bb][et_pb_blurb title=\u00bbasistencia remota\u00bb icon_alignment=\u00bbleft\u00bb image_max_width=\u00bb101px\u00bb content_max_width=\u00bb1030px\u00bb _builder_version=\u00bb4.7.7&#8243; header_font=\u00bbPoppins|600||on|||||\u00bb header_text_color=\u00bb#ff542c\u00bb header_font_size=\u00bb20px\u00bb header_line_height=\u00bb1.4em\u00bb body_font=\u00bb||||||||\u00bb body_font_size=\u00bb18px\u00bb body_line_height=\u00bb1.8em\u00bb background_color=\u00bb#ffffff\u00bb max_width_last_edited=\u00bboff|desktop\u00bb custom_padding=\u00bb40px|19px|69px|28px|false|false\u00bb animation_style=\u00bbfade\u00bb animation_delay=\u00bb100ms\u00bb animation=\u00bboff\u00bb border_radii=\u00bboff|30px|30px||\u00bb border_width_bottom=\u00bb15px\u00bb border_color_bottom=\u00bb#ff542c\u00bb border_radii_image=\u00bbon|2px|2px|2px|2px\u00bb border_color_all_image=\u00bbrgba(0,0,0,0.1)\u00bb box_shadow_style=\u00bbpreset1&#8243;]<\/p>\n<p><span>T\u00e9cnicos especializados para responder preguntas y dar soluci\u00f3n a distintos problemas.\u00a0<\/span><\/p>\n<p>[\/et_pb_blurb][\/et_pb_column][et_pb_column type=\u00bb1_3&#8243; _builder_version=\u00bb3.25&#8243; custom_padding=\u00bb|||\u00bb custom_padding__hover=\u00bb|||\u00bb][et_pb_blurb title=\u00bbcobertura de hurto\u00bb icon_alignment=\u00bbleft\u00bb image_max_width=\u00bb101px\u00bb content_max_width=\u00bb1030px\u00bb _builder_version=\u00bb4.7.7&#8243; header_font=\u00bbPoppins|600||on|||||\u00bb header_text_color=\u00bb#ff542c\u00bb header_font_size=\u00bb20px\u00bb header_line_height=\u00bb1.4em\u00bb body_font=\u00bb||||||||\u00bb body_font_size=\u00bb18px\u00bb body_line_height=\u00bb1.8em\u00bb background_color=\u00bb#ffffff\u00bb max_width_last_edited=\u00bboff|desktop\u00bb custom_padding=\u00bb40px|19px|133px|28px|false|false\u00bb animation_style=\u00bbfade\u00bb animation_delay=\u00bb100ms\u00bb animation=\u00bboff\u00bb border_radii=\u00bboff|30px|30px||\u00bb border_width_bottom=\u00bb15px\u00bb border_color_bottom=\u00bb#ff542c\u00bb border_radii_image=\u00bbon|2px|2px|2px|2px\u00bb border_color_all_image=\u00bbrgba(0,0,0,0.1)\u00bb box_shadow_style=\u00bbpreset1&#8243;]<\/p>\n<p><span>Aseguramos celulares en caso de hurto.<\/span><\/p>\n<p>[\/et_pb_blurb][\/et_pb_column][\/et_pb_row][et_pb_row column_structure=\u00bb1_3,1_3,1_3&#8243; _builder_version=\u00bb4.7.7&#8243; width=\u00bb72%\u00bb][et_pb_column type=\u00bb1_3&#8243; _builder_version=\u00bb3.25&#8243; custom_padding=\u00bb|||\u00bb custom_padding__hover=\u00bb|||\u00bb][et_pb_blurb title=\u00bbgarant\u00eda extendida\u00bb icon_alignment=\u00bbleft\u00bb image_max_width=\u00bb101px\u00bb content_max_width=\u00bb1030px\u00bb _builder_version=\u00bb4.7.7&#8243; header_font=\u00bbPoppins|600||on|||||\u00bb header_text_color=\u00bb#ff542c\u00bb header_font_size=\u00bb20px\u00bb header_line_height=\u00bb1.4em\u00bb body_font=\u00bb||||||||\u00bb body_font_size=\u00bb18px\u00bb body_line_height=\u00bb1.8em\u00bb background_color=\u00bb#ffffff\u00bb max_width_last_edited=\u00bboff|desktop\u00bb custom_padding=\u00bb40px|19px|191px|28px|false|false\u00bb animation_style=\u00bbfade\u00bb animation_delay=\u00bb100ms\u00bb animation=\u00bboff\u00bb border_radii=\u00bboff|30px|30px||\u00bb border_width_bottom=\u00bb15px\u00bb border_color_bottom=\u00bb#ff542c\u00bb border_radii_image=\u00bbon|2px|2px|2px|2px\u00bb border_color_all_image=\u00bbrgba(0,0,0,0.1)\u00bb box_shadow_style=\u00bbpreset1&#8243;]<\/p>\n<p>Ampliamos la garant\u00eda del producto en 1 o 2 a\u00f1os.<\/p>\n<p>[\/et_pb_blurb][\/et_pb_column][et_pb_column type=\u00bb1_3&#8243; _builder_version=\u00bb3.25&#8243; custom_padding=\u00bb|||\u00bb custom_padding__hover=\u00bb|||\u00bb][et_pb_blurb title=\u00bbrecuperaci\u00f3n de datos\u00bb icon_alignment=\u00bbleft\u00bb image_max_width=\u00bb101px\u00bb content_max_width=\u00bb1030px\u00bb _builder_version=\u00bb4.7.7&#8243; header_font=\u00bbPoppins|600||on|||||\u00bb header_text_color=\u00bb#ff542c\u00bb header_font_size=\u00bb20px\u00bb header_line_height=\u00bb1.4em\u00bb body_font=\u00bb||||||||\u00bb body_font_size=\u00bb18px\u00bb body_line_height=\u00bb1.8em\u00bb background_color=\u00bb#ffffff\u00bb max_width_last_edited=\u00bboff|desktop\u00bb custom_padding=\u00bb40px|19px|63px|28px|false|false\u00bb animation_style=\u00bbfade\u00bb animation_delay=\u00bb100ms\u00bb animation=\u00bboff\u00bb border_radii=\u00bboff|30px|30px||\u00bb border_width_bottom=\u00bb15px\u00bb border_color_bottom=\u00bb#ff542c\u00bb border_radii_image=\u00bbon|2px|2px|2px|2px\u00bb border_color_all_image=\u00bbrgba(0,0,0,0.1)\u00bb box_shadow_style=\u00bbpreset1&#8243;]<\/p>\n<p><span>En caso de incapacidad para acceder a la informaci\u00f3n almacenada en los dispositivos m\u00f3viles, nos responsabilizamos por el recupero de los datos.<\/span><\/p>\n<p>[\/et_pb_blurb][\/et_pb_column][et_pb_column type=\u00bb1_3&#8243; _builder_version=\u00bb3.25&#8243; custom_padding=\u00bb|||\u00bb custom_padding__hover=\u00bb|||\u00bb][et_pb_blurb title=\u00bbprotecci\u00f3n de datos\u00bb icon_alignment=\u00bbleft\u00bb image_max_width=\u00bb101px\u00bb content_max_width=\u00bb1030px\u00bb _builder_version=\u00bb4.7.7&#8243; header_font=\u00bbPoppins|600||on|||||\u00bb header_text_color=\u00bb#ff542c\u00bb header_font_size=\u00bb20px\u00bb header_line_height=\u00bb1.4em\u00bb body_font=\u00bb||||||||\u00bb body_font_size=\u00bb18px\u00bb body_line_height=\u00bb1.8em\u00bb background_color=\u00bb#ffffff\u00bb max_width_last_edited=\u00bboff|desktop\u00bb custom_padding=\u00bb40px|19px|31px|28px|false|false\u00bb animation_style=\u00bbfade\u00bb animation_delay=\u00bb100ms\u00bb animation=\u00bboff\u00bb border_radii=\u00bboff|30px|30px||\u00bb border_width_bottom=\u00bb15px\u00bb border_color_bottom=\u00bb#ff542c\u00bb border_radii_image=\u00bbon|2px|2px|2px|2px\u00bb border_color_all_image=\u00bbrgba(0,0,0,0.1)\u00bb box_shadow_style=\u00bbpreset1&#8243;]<\/p>\n<p><span>En caso de da\u00f1o accidental, cubrimos los gastos de reparaci\u00f3n de los bienes cubiertos (incluso el coste del desplazamiento del reparador) o su sustituci\u00f3n en caso de no ser reparables.<\/span><\/p>\n<p>[\/et_pb_blurb][\/et_pb_column][\/et_pb_row][\/et_pb_section]<\/p>\n","protected":false},"excerpt":{"rendered":"<p>[et_pb_section fb_built=&quot;1&quot; custom_padding_last_edited=&quot;on|phone&quot; admin_label=&quot;Hero&quot; _builder_version=&quot;4.7.7&quot; background_color_gradient_direction=&quot;60deg&quot; background_image=&quot;https:\/\/www.rua-asistencia.com.uy\/wp-content\/uploads\/sites\/17\/2021\/08\/tecnologia-rua-asistencia.png&quot; background_position=&quot;bottom_center&quot; width=&quot;100%&quot; max_width=&quot;100%&quot; min_height=&quot;590px&quot; max_height=&quot;1063px&quot; custom_margin=&quot;||16px|||&quot; custom_padding=&quot;100px|0px|7px|0px||&quot; custom_padding_tablet=&quot;&quot; custom_padding_phone=&quot;0px|0px|0px|0px|false|false&quot; hover_enabled=&quot;0&quot; background_last_edited=&quot;on|phone&quot; background_position_tablet=&quot;bottom_left&quot; background_position_phone=&quot;bottom_left&quot; title_text=&quot;tecnologia-rua-asistencia&quot; sticky_enabled=&quot;0&quot;][et_pb_row column_structure=&quot;2_3,1_3&quot; disabled_on=&quot;off|off|off&quot; _builder_version=&quot;4.7.7&quot; custom_padding=&quot;|||&quot;][et_pb_column type=&quot;2_3&quot; _builder_version=&quot;3.25&quot; custom_padding=&quot;||60px|&quot; custom_padding__hover=&quot;|||&quot;][et_pb_text disabled_on=&quot;off|off|off&quot; _builder_version=&quot;4.7.7&quot; text_font=&quot;Open Sans|600|||||||&quot; text_font_size=&quot;16px&quot; text_line_height=&quot;1.8em&quot; header_font=&quot;Poppins||||||||&quot; header_text_color=&quot;#000080&quot; header_font_size=&quot;100px&quot; header_line_height=&quot;1.2em&quot; transform_scale_tablet=&quot;&quot; transform_scale_phone=&quot;&quot; transform_scale_last_edited=&quot;on|phone&quot; transform_translate_tablet=&quot;&quot; transform_translate_phone=&quot;12px|168px&quot; transform_translate_last_edited=&quot;on|phone&quot; transform_rotate_tablet=&quot;&quot; transform_rotate_phone=&quot;&quot; transform_rotate_last_edited=&quot;on|phone&quot; transform_skew_tablet=&quot;&quot; transform_skew_phone=&quot;&quot; transform_skew_last_edited=&quot;on|phone&quot; transform_origin_tablet=&quot;&quot; transform_origin_phone=&quot;&quot; transform_origin_last_edited=&quot;on|phone&quot; [&hellip;]<\/p>\n","protected":false},"author":1,"featured_media":0,"parent":0,"menu_order":0,"comment_status":"closed","ping_status":"closed","template":"","meta":{"_et_pb_use_builder":"on","_et_pb_old_content":"","_et_gb_content_width":"","footnotes":""},"class_list":["post-832","page","type-page","status-publish","hentry"],"_links":{"self":[{"href":"https:\/\/www.rua-asistencia.com.uy\/index.php\/wp-json\/wp\/v2\/pages\/832","targetHints":{"allow":["GET"]}}],"collection":[{"href":"https:\/\/www.rua-asistencia.com.uy\/index.php\/wp-json\/wp\/v2\/pages"}],"about":[{"href":"https:\/\/www.rua-asistencia.com.uy\/index.php\/wp-json\/wp\/v2\/types\/page"}],"author":[{"embeddable":true,"href":"https:\/\/www.rua-asistencia.com.uy\/index.php\/wp-json\/wp\/v2\/users\/1"}],"replies":[{"embeddable":true,"href":"https:\/\/www.rua-asistencia.com.uy\/index.php\/wp-json\/wp\/v2\/comments?post=832"}],"version-history":[{"count":0,"href":"https:\/\/www.rua-asistencia.com.uy\/index.php\/wp-json\/wp\/v2\/pages\/832\/revisions"}],"wp:attachment":[{"href":"https:\/\/www.rua-asistencia.com.uy\/index.php\/wp-json\/wp\/v2\/media?parent=832"}],"curies":[{"name":"wp","href":"https:\/\/api.w.org\/{rel}","templated":true}]}}