{"id":836,"date":"2021-01-26T17:18:28","date_gmt":"2021-01-26T20:18:28","guid":{"rendered":"http:\/\/desarrollo.rua-asistencia.com\/uruguay\/?page_id=836"},"modified":"2021-01-26T17:18:28","modified_gmt":"2021-01-26T20:18:28","slug":"mascotas","status":"publish","type":"page","link":"https:\/\/www.rua-asistencia.com.uy\/index.php\/mascotas\/","title":{"rendered":"Mascotas"},"content":{"rendered":"<p>[et_pb_section fb_built=&quot;1&quot; custom_padding_last_edited=&quot;on|phone&quot; admin_label=&quot;Hero&quot; _builder_version=&quot;4.7.7&quot; background_color_gradient_direction=&quot;60deg&quot; background_image=&quot;https:\/\/www.rua-asistencia.com.uy\/wp-content\/uploads\/sites\/17\/2021\/08\/mascotas-rua-asistencia.png&quot; background_position=&quot;bottom_center&quot; width=&quot;100%&quot; max_width=&quot;100%&quot; min_height=&quot;590px&quot; max_height=&quot;1063px&quot; custom_margin=&quot;||16px|||&quot; custom_padding=&quot;100px|0px|145px|0px||&quot; custom_padding_tablet=&quot;&quot; custom_padding_phone=&quot;0px|0px|0px|0px|false|false&quot; hover_enabled=&quot;0&quot; background_last_edited=&quot;on|phone&quot; background_position_tablet=&quot;bottom_right&quot; background_position_phone=&quot;top_right&quot; title_text=&quot;mascotas-rua-asistencia&quot; sticky_enabled=&quot;0&quot;][et_pb_row column_structure=&quot;1_2,1_2&quot; disabled_on=&quot;off|off|off&quot; _builder_version=&quot;4.7.7&quot; custom_padding=&quot;|||&quot;][et_pb_column type=&quot;1_2&quot; _builder_version=&quot;3.25&quot; custom_padding=&quot;||60px|&quot; custom_padding__hover=&quot;|||&quot;][\/et_pb_column][et_pb_column type=&quot;1_2&quot; _builder_version=&quot;3.25&quot; custom_padding=&quot;|||&quot; custom_padding__hover=&quot;|||&quot;][et_pb_text disabled_on=&quot;off|off|off&quot; _builder_version=&quot;4.7.7&quot; text_font=&quot;Open Sans|600|||||||&quot; text_font_size=&quot;16px&quot; text_line_height=&quot;1.8em&quot; header_font=&quot;Poppins||||||||&quot; header_text_color=&quot;#000080&quot; header_font_size=&quot;90px&quot; header_line_height=&quot;1.2em&quot; transform_scale_tablet=&quot;&quot; transform_scale_phone=&quot;&quot; transform_scale_last_edited=&quot;on|phone&quot; transform_translate_tablet=&quot;&quot; transform_translate_phone=&quot;9px|-139px&quot; transform_translate_last_edited=&quot;on|phone&quot; transform_rotate_tablet=&quot;&quot; transform_rotate_phone=&quot;&quot; transform_rotate_last_edited=&quot;on|phone&quot; transform_skew_tablet=&quot;&quot; transform_skew_phone=&quot;&quot; transform_skew_last_edited=&quot;on|phone&quot; transform_origin_tablet=&quot;&quot; transform_origin_phone=&quot;&quot; transform_origin_last_edited=&quot;on|phone&quot; transform_styles_last_edited=&quot;on|phone&quot; background_layout=&quot;dark&quot; max_width=&quot;671px&quot; custom_padding=&quot;|0px||||&quot; animation_style=&quot;slide&quot; animation_direction=&quot;left&quot; header_font_size_tablet=&quot;90px&quot; header_font_size_phone=&quot;54px&quot; header_font_size_last_edited=&quot;on|phone&quot; transform_styles_tablet=&quot;&quot; transform_styles_phone=&quot;&quot;]<\/p>\n<h1><strong><\/strong><\/h1>\n<p><strong><\/strong><\/p>\n<p><strong><\/strong><\/p>\n<p><strong><\/strong><\/p>\n<p><strong><\/strong><\/p>\n<h1><strong><\/strong><\/h1>\n<h1><strong><\/strong><\/h1>\n<h1><strong><\/strong><\/h1>\n<h1><strong><\/strong><\/h1>\n<h1><strong><\/strong><\/h1>\n<h1><strong><\/strong><\/h1>\n<h1><strong><\/strong><\/h1>\n<h1><strong><\/strong><\/h1>\n<h1><strong><\/strong><\/h1>\n<h1><strong><\/strong><\/h1>\n<h1><strong><\/strong><\/h1>\n<h1><strong><\/strong><\/h1>\n<h1><strong><\/strong><\/h1>\n<h1><strong><\/strong><\/h1>\n<h1><strong><\/strong><\/h1>\n<h1><strong><\/strong><\/h1>\n<h1><strong><\/strong><\/h1>\n<h1><strong><\/strong><\/h1>\n<h1><strong><\/strong><\/h1>\n<h1><strong><\/strong><\/h1>\n<h1><strong><\/strong><\/h1>\n<h1><strong>Mascotas<\/strong><\/h1>\n<p>[\/et_pb_text][\/et_pb_column][\/et_pb_row][\/et_pb_section][et_pb_section fb_built=&quot;1&quot; disabled_on=&quot;off|off|off&quot; admin_label=&quot;Partners&quot; _builder_version=&quot;4.7.7&quot; background_size=&quot;contain&quot; custom_padding=&quot;4px|||||&quot;][et_pb_row column_structure=&quot;1_4,3_4&quot; _builder_version=&quot;3.25&quot; custom_padding=&quot;27px|0px|27px|0px&quot;][et_pb_column type=&quot;1_4&quot; _builder_version=&quot;3.25&quot; custom_padding=&quot;|||&quot; custom_padding__hover=&quot;|||&quot;][et_pb_image src=&quot;https:\/\/www.rua-asistencia.com.uy\/wp-content\/uploads\/sites\/17\/2021\/08\/MASCOTAS.png&quot; title_text=&quot;MASCOTAS&quot; align=&quot;right&quot; align_tablet=&quot;&quot; align_phone=&quot;center&quot; align_last_edited=&quot;on|phone&quot; _builder_version=&quot;4.7.7&quot; _module_preset=&quot;default&quot; transform_scale_tablet=&quot;&quot; transform_scale_phone=&quot;82%|82%&quot; transform_scale_last_edited=&quot;on|phone&quot; transform_translate_tablet=&quot;&quot; transform_translate_phone=&quot;&quot; transform_translate_last_edited=&quot;on|phone&quot; transform_rotate_tablet=&quot;&quot; transform_rotate_phone=&quot;&quot; transform_rotate_last_edited=&quot;on|phone&quot; transform_skew_tablet=&quot;&quot; transform_skew_phone=&quot;&quot; transform_skew_last_edited=&quot;on|phone&quot; transform_origin_tablet=&quot;&quot; transform_origin_phone=&quot;&quot; transform_origin_last_edited=&quot;on|phone&quot; transform_styles_last_edited=&quot;on|phone&quot; width=&quot;95%&quot; hover_enabled=&quot;0&quot; transform_styles_tablet=&quot;&quot; transform_styles_phone=&quot;&quot; sticky_enabled=&quot;0&quot;][\/et_pb_image][\/et_pb_column][et_pb_column type=&quot;3_4&quot; _builder_version=&quot;3.25&quot; custom_padding=&quot;|||&quot; custom_padding__hover=&quot;|||&quot;][et_pb_text _builder_version=&quot;4.7.7&quot; text_font=&quot;||||||||&quot; text_font_size=&quot;20px&quot; text_line_height=&quot;1.8em&quot; header_font=&quot;||||||||&quot; header_2_font=&quot;Poppins||||||||&quot; header_2_text_color=&quot;#000080&quot; header_2_font_size=&quot;55px&quot; header_2_line_height=&quot;1.4em&quot; header_3_font=&quot;||||||||&quot; text_orientation=&quot;center&quot; max_width=&quot;700px&quot; module_alignment=&quot;center&quot; custom_padding_tablet=&quot;&quot; custom_padding_phone=&quot;|||10px|false|false&quot; custom_padding_last_edited=&quot;on|phone&quot; animation_style=&quot;fade&quot; animation_duration=&quot;1300ms&quot;]<\/p>\n<h2 style=\"text-align: left;\"><\/h2>\n<p class=\"text description\" style=\"text-align: left;\"><span><\/span><\/p>\n<p class=\"text description\" style=\"text-align: left;\"><span>Asistencia para animales dom\u00e9sticos para que las mascotas est\u00e9n siempre protegidas y ayudar a satisfacer todas las necesidades que se presenten, ante cualquier circunstancia.<\/span><\/p>\n<div class=\"holder is-servicio-73\"><\/div>\n<p>[\/et_pb_text][\/et_pb_column][\/et_pb_row][\/et_pb_section][et_pb_section fb_built=\u00bb1&#8243; admin_label=\u00bbFeatures\u00bb _builder_version=\u00bb4.7.7&#8243; background_image=\u00bbhttp:\/\/desarrollo.rua-asistencia.com\/uruguay\/wp-content\/uploads\/sites\/17\/2021\/01\/Rua-asistencia-fondo.png\u00bb parallax=\u00bbon\u00bb parallax_method=\u00bboff\u00bb custom_padding=\u00bb100px|0px|171px|0px||\u00bb][et_pb_row column_structure=\u00bb1_3,1_3,1_3&#8243; _builder_version=\u00bb4.7.7&#8243; width=\u00bb72%\u00bb][et_pb_column type=\u00bb1_3&#8243; _builder_version=\u00bb3.25&#8243; custom_padding=\u00bb|||\u00bb custom_padding__hover=\u00bb|||\u00bb][et_pb_blurb title=\u00bbGuarder\u00eda de Mascotas\u00bb icon_alignment=\u00bbleft\u00bb image_max_width=\u00bb101px\u00bb content_max_width=\u00bb1030px\u00bb image_last_edited=\u00bboff|desktop\u00bb _builder_version=\u00bb4.7.7&#8243; header_font=\u00bbPoppins|600||on|||||\u00bb header_text_color=\u00bb#ff542c\u00bb header_font_size=\u00bb20px\u00bb header_line_height=\u00bb1.4em\u00bb body_font=\u00bb||||||||\u00bb body_font_size=\u00bb18px\u00bb body_line_height=\u00bb1.8em\u00bb background_color=\u00bb#ffffff\u00bb max_width_last_edited=\u00bboff|desktop\u00bb custom_padding=\u00bb40px|19px|100px|29px|false|false\u00bb animation_style=\u00bbfade\u00bb animation_delay=\u00bb100ms\u00bb animation=\u00bboff\u00bb border_radii=\u00bboff|30px|30px||\u00bb border_width_bottom=\u00bb15px\u00bb border_color_bottom=\u00bb#ff542c\u00bb border_radii_image=\u00bbon|2px|2px|2px|2px\u00bb border_color_all_image=\u00bbrgba(0,0,0,0.1)\u00bb box_shadow_style=\u00bbpreset1&#8243;]<\/p>\n<p><span>Proporcionamos la guarda de la mascota en una guarder\u00eda u hotel.<\/span><\/p>\n<p>[\/et_pb_blurb][\/et_pb_column][et_pb_column type=\u00bb1_3&#8243; _builder_version=\u00bb3.25&#8243; custom_padding=\u00bb|||\u00bb custom_padding__hover=\u00bb|||\u00bb][et_pb_blurb title=\u00bbHigiene y peluquer\u00eda\u00bb icon_alignment=\u00bbleft\u00bb image_max_width=\u00bb101px\u00bb content_max_width=\u00bb1030px\u00bb image_last_edited=\u00bboff|desktop\u00bb _builder_version=\u00bb4.7.7&#8243; header_font=\u00bbPoppins|600||on|||||\u00bb header_text_color=\u00bb#ff542c\u00bb header_font_size=\u00bb20px\u00bb header_line_height=\u00bb1.4em\u00bb body_font=\u00bb||||||||\u00bb body_font_size=\u00bb18px\u00bb body_line_height=\u00bb1.8em\u00bb background_color=\u00bb#ffffff\u00bb max_width_last_edited=\u00bboff|desktop\u00bb custom_padding=\u00bb40px|19px|69px|29px|false|false\u00bb animation_style=\u00bbfade\u00bb animation_delay=\u00bb100ms\u00bb animation=\u00bboff\u00bb border_radii=\u00bboff|30px|30px||\u00bb border_width_bottom=\u00bb15px\u00bb border_color_bottom=\u00bb#ff542c\u00bb border_radii_image=\u00bbon|2px|2px|2px|2px\u00bb border_color_all_image=\u00bbrgba(0,0,0,0.1)\u00bb box_shadow_style=\u00bbpreset1&#8243;]<\/p>\n<p><span>El ba\u00f1o es realizado junto con masajes y corte de u\u00f1as, limpieza de o\u00eddos, perfume, entre otros.<\/span><\/p>\n<p>[\/et_pb_blurb][\/et_pb_column][et_pb_column type=\u00bb1_3&#8243; _builder_version=\u00bb3.25&#8243; custom_padding=\u00bb|||\u00bb custom_padding__hover=\u00bb|||\u00bb][et_pb_blurb title=\u00bburgencias las 24 hs.\u00bb icon_alignment=\u00bbleft\u00bb image_max_width=\u00bb101px\u00bb content_max_width=\u00bb1030px\u00bb image_last_edited=\u00bboff|desktop\u00bb _builder_version=\u00bb4.7.7&#8243; header_font=\u00bbPoppins|600||on|||||\u00bb header_text_color=\u00bb#ff542c\u00bb header_font_size=\u00bb20px\u00bb header_line_height=\u00bb1.4em\u00bb body_font=\u00bb||||||||\u00bb body_font_size=\u00bb18px\u00bb body_line_height=\u00bb1.8em\u00bb background_color=\u00bb#ffffff\u00bb max_width_last_edited=\u00bboff|desktop\u00bb custom_padding=\u00bb40px|19px|37px|29px|false|false\u00bb animation_style=\u00bbfade\u00bb animation_delay=\u00bb100ms\u00bb animation=\u00bboff\u00bb border_radii=\u00bboff|30px|30px||\u00bb border_width_bottom=\u00bb15px\u00bb border_color_bottom=\u00bb#ff542c\u00bb border_radii_image=\u00bbon|2px|2px|2px|2px\u00bb border_color_all_image=\u00bbrgba(0,0,0,0.1)\u00bb box_shadow_style=\u00bbpreset1&#8243;]<\/p>\n<p><span>En caso de un imprevisto de salud de la mascota fuera del \u00e1rea comercial, disponibilizamaos m\u00e9dicos veterinarios.\u00a0<\/span><\/p>\n<p>[\/et_pb_blurb][\/et_pb_column][\/et_pb_row][et_pb_row column_structure=\u00bb1_3,1_3,1_3&#8243; _builder_version=\u00bb4.7.7&#8243; width=\u00bb72%\u00bb][et_pb_column type=\u00bb1_3&#8243; _builder_version=\u00bb3.25&#8243; custom_padding=\u00bb|||\u00bb custom_padding__hover=\u00bb|||\u00bb][et_pb_blurb title=\u00bbapartamiento de restos\u00bb icon_alignment=\u00bbleft\u00bb image_max_width=\u00bb101px\u00bb content_max_width=\u00bb1030px\u00bb image_last_edited=\u00bboff|desktop\u00bb _builder_version=\u00bb4.7.7&#8243; header_font=\u00bbPoppins|600||on|||||\u00bb header_text_color=\u00bb#ff542c\u00bb header_font_size=\u00bb20px\u00bb header_line_height=\u00bb1.4em\u00bb body_font=\u00bb||||||||\u00bb body_font_size=\u00bb18px\u00bb body_line_height=\u00bb1.8em\u00bb background_color=\u00bb#ffffff\u00bb max_width_last_edited=\u00bboff|desktop\u00bb custom_padding=\u00bb40px|27px|73px|29px|false|false\u00bb animation_style=\u00bbfade\u00bb animation_delay=\u00bb100ms\u00bb animation=\u00bboff\u00bb border_radii=\u00bboff|30px|30px||\u00bb border_width_bottom=\u00bb15px\u00bb border_color_bottom=\u00bb#ff542c\u00bb border_radii_image=\u00bbon|2px|2px|2px|2px\u00bb border_color_all_image=\u00bbrgba(0,0,0,0.1)\u00bb box_shadow_style=\u00bbpreset1&#8243;]<\/p>\n<p><span>En caso de fallecimiento de la mascota nos ocupamos del apartamiento.<\/span><\/p>\n<p>[\/et_pb_blurb][\/et_pb_column][et_pb_column type=\u00bb1_3&#8243; _builder_version=\u00bb3.25&#8243; custom_padding=\u00bb|||\u00bb custom_padding__hover=\u00bb|||\u00bb][et_pb_blurb title=\u00bbasistencia legal\u00bb icon_alignment=\u00bbleft\u00bb image_max_width=\u00bb101px\u00bb content_max_width=\u00bb1030px\u00bb image_last_edited=\u00bboff|desktop\u00bb _builder_version=\u00bb4.7.7&#8243; header_font=\u00bbPoppins|600||on|||||\u00bb header_text_color=\u00bb#ff542c\u00bb header_font_size=\u00bb20px\u00bb header_line_height=\u00bb1.4em\u00bb body_font=\u00bb||||||||\u00bb body_font_size=\u00bb18px\u00bb body_line_height=\u00bb1.8em\u00bb background_color=\u00bb#ffffff\u00bb max_width_last_edited=\u00bboff|desktop\u00bb custom_padding=\u00bb40px|19px|37px|29px|false|false\u00bb animation_style=\u00bbfade\u00bb animation_delay=\u00bb100ms\u00bb animation=\u00bboff\u00bb border_radii=\u00bboff|30px|30px||\u00bb border_width_bottom=\u00bb15px\u00bb border_color_bottom=\u00bb#ff542c\u00bb border_radii_image=\u00bbon|2px|2px|2px|2px\u00bb border_color_all_image=\u00bbrgba(0,0,0,0.1)\u00bb box_shadow_style=\u00bbpreset1&#8243;]<\/p>\n<p><span>En caso de demandas por da\u00f1os a terceros causados por su mascota, brindamos asesoraremos legalmente con nuestros abogados.<\/span><\/p>\n<p>[\/et_pb_blurb][\/et_pb_column][et_pb_column type=\u00bb1_3&#8243; _builder_version=\u00bb3.25&#8243; custom_padding=\u00bb|||\u00bb custom_padding__hover=\u00bb|||\u00bb][et_pb_blurb title=\u00bbasistencia f\u00fanebre para las mascotas\u00bb icon_alignment=\u00bbleft\u00bb image_max_width=\u00bb101px\u00bb content_max_width=\u00bb1030px\u00bb image_last_edited=\u00bboff|desktop\u00bb _builder_version=\u00bb4.7.7&#8243; header_font=\u00bbPoppins|600||on|||||\u00bb header_text_color=\u00bb#ff542c\u00bb header_font_size=\u00bb20px\u00bb header_line_height=\u00bb1.4em\u00bb body_font=\u00bb||||||||\u00bb body_font_size=\u00bb18px\u00bb body_line_height=\u00bb1.8em\u00bb background_color=\u00bb#ffffff\u00bb max_width_last_edited=\u00bboff|desktop\u00bb custom_padding=\u00bb40px|27px|73px|29px|false|false\u00bb animation_style=\u00bbfade\u00bb animation_delay=\u00bb100ms\u00bb animation=\u00bboff\u00bb border_radii=\u00bboff|30px|30px||\u00bb border_width_bottom=\u00bb15px\u00bb border_color_bottom=\u00bb#ff542c\u00bb border_radii_image=\u00bbon|2px|2px|2px|2px\u00bb border_color_all_image=\u00bbrgba(0,0,0,0.1)\u00bb box_shadow_style=\u00bbpreset1&#8243;]<\/p>\n<p><span>Coordinaremos el entierro en exclusivos Cementerios de mascotas.<\/span><\/p>\n<p>[\/et_pb_blurb][\/et_pb_column][\/et_pb_row][et_pb_row column_structure=\u00bb1_2,1_2&#8243; _builder_version=\u00bb4.7.7&#8243; width=\u00bb72%\u00bb][et_pb_column type=\u00bb1_2&#8243; _builder_version=\u00bb3.25&#8243; custom_padding=\u00bb|||\u00bb custom_padding__hover=\u00bb|||\u00bb][et_pb_blurb title=\u00bbintervenciones quir\u00fargicas\u00bb icon_alignment=\u00bbleft\u00bb image_max_width=\u00bb101px\u00bb content_max_width=\u00bb1030px\u00bb image_last_edited=\u00bboff|desktop\u00bb _builder_version=\u00bb4.7.7&#8243; header_font=\u00bbPoppins|600||on|||||\u00bb header_text_color=\u00bb#ff542c\u00bb header_font_size=\u00bb20px\u00bb header_line_height=\u00bb1.4em\u00bb body_font=\u00bb||||||||\u00bb body_font_size=\u00bb18px\u00bb body_line_height=\u00bb1.8em\u00bb background_color=\u00bb#ffffff\u00bb max_width_last_edited=\u00bboff|desktop\u00bb custom_padding=\u00bb40px|19px|29px|29px|false|false\u00bb animation_style=\u00bbfade\u00bb animation_delay=\u00bb100ms\u00bb animation=\u00bboff\u00bb border_radii=\u00bboff|30px|30px||\u00bb border_width_bottom=\u00bb15px\u00bb border_color_bottom=\u00bb#ff542c\u00bb border_radii_image=\u00bbon|2px|2px|2px|2px\u00bb border_color_all_image=\u00bbrgba(0,0,0,0.1)\u00bb box_shadow_style=\u00bbpreset1&#8243;]<\/p>\n<p><span>En caso de accidente que amerite una intervenci\u00f3n quir\u00fargica, asumimos el costo implicado, as\u00ed como los costos de ex\u00e1menes, medicamentos, anest\u00e9sicos, honorarios profesionales, pr\u00f3tesis, estancia en cl\u00ednica y cuidados pos operatorios.<\/span><\/p>\n<p>[\/et_pb_blurb][\/et_pb_column][et_pb_column type=\u00bb1_2&#8243; _builder_version=\u00bb3.25&#8243; custom_padding=\u00bb|||\u00bb custom_padding__hover=\u00bb|||\u00bb][et_pb_blurb title=\u00bborientaci\u00f3n veterinaria\u00bb icon_alignment=\u00bbleft\u00bb image_max_width=\u00bb101px\u00bb content_max_width=\u00bb1030px\u00bb image_last_edited=\u00bboff|desktop\u00bb _builder_version=\u00bb4.7.7&#8243; header_font=\u00bbPoppins|600||on|||||\u00bb header_text_color=\u00bb#ff542c\u00bb header_font_size=\u00bb20px\u00bb header_line_height=\u00bb1.4em\u00bb body_font=\u00bb||||||||\u00bb body_font_size=\u00bb18px\u00bb body_line_height=\u00bb1.8em\u00bb background_color=\u00bb#ffffff\u00bb max_width_last_edited=\u00bboff|desktop\u00bb custom_padding=\u00bb40px|24px|94px|29px|false|false\u00bb animation_style=\u00bbfade\u00bb animation_delay=\u00bb100ms\u00bb animation=\u00bboff\u00bb border_radii=\u00bboff|30px|30px||\u00bb border_width_bottom=\u00bb15px\u00bb border_color_bottom=\u00bb#ff542c\u00bb border_radii_image=\u00bbon|2px|2px|2px|2px\u00bb border_color_all_image=\u00bbrgba(0,0,0,0.1)\u00bb box_shadow_style=\u00bbpreset1&#8243;]<\/p>\n<p><span>Proporcionamos m\u00e9dicos veterinarios en atenci\u00f3n telef\u00f3nica para brindar orientaci\u00f3n sobre padecimientos y \/ o cuidados de la mascota.<\/span><\/p>\n<p>[\/et_pb_blurb][\/et_pb_column][\/et_pb_row][\/et_pb_section]<\/p>\n","protected":false},"excerpt":{"rendered":"<p>[et_pb_section fb_built=&quot;1&quot; custom_padding_last_edited=&quot;on|phone&quot; admin_label=&quot;Hero&quot; _builder_version=&quot;4.7.7&quot; background_color_gradient_direction=&quot;60deg&quot; background_image=&quot;https:\/\/www.rua-asistencia.com.uy\/wp-content\/uploads\/sites\/17\/2021\/08\/mascotas-rua-asistencia.png&quot; background_position=&quot;bottom_center&quot; width=&quot;100%&quot; max_width=&quot;100%&quot; min_height=&quot;590px&quot; max_height=&quot;1063px&quot; custom_margin=&quot;||16px|||&quot; custom_padding=&quot;100px|0px|145px|0px||&quot; custom_padding_tablet=&quot;&quot; custom_padding_phone=&quot;0px|0px|0px|0px|false|false&quot; hover_enabled=&quot;0&quot; background_last_edited=&quot;on|phone&quot; background_position_tablet=&quot;bottom_right&quot; background_position_phone=&quot;top_right&quot; title_text=&quot;mascotas-rua-asistencia&quot; sticky_enabled=&quot;0&quot;][et_pb_row column_structure=&quot;1_2,1_2&quot; disabled_on=&quot;off|off|off&quot; _builder_version=&quot;4.7.7&quot; custom_padding=&quot;|||&quot;][et_pb_column type=&quot;1_2&quot; _builder_version=&quot;3.25&quot; custom_padding=&quot;||60px|&quot; custom_padding__hover=&quot;|||&quot;][\/et_pb_column][et_pb_column type=&quot;1_2&quot; _builder_version=&quot;3.25&quot; custom_padding=&quot;|||&quot; custom_padding__hover=&quot;|||&quot;][et_pb_text disabled_on=&quot;off|off|off&quot; _builder_version=&quot;4.7.7&quot; text_font=&quot;Open Sans|600|||||||&quot; text_font_size=&quot;16px&quot; text_line_height=&quot;1.8em&quot; header_font=&quot;Poppins||||||||&quot; header_text_color=&quot;#000080&quot; header_font_size=&quot;90px&quot; header_line_height=&quot;1.2em&quot; transform_scale_tablet=&quot;&quot; transform_scale_phone=&quot;&quot; transform_scale_last_edited=&quot;on|phone&quot; transform_translate_tablet=&quot;&quot; transform_translate_phone=&quot;9px|-139px&quot; transform_translate_last_edited=&quot;on|phone&quot; transform_rotate_tablet=&quot;&quot; transform_rotate_phone=&quot;&quot; transform_rotate_last_edited=&quot;on|phone&quot; transform_skew_tablet=&quot;&quot; transform_skew_phone=&quot;&quot; [&hellip;]<\/p>\n","protected":false},"author":1,"featured_media":0,"parent":0,"menu_order":0,"comment_status":"closed","ping_status":"closed","template":"","meta":{"_et_pb_use_builder":"on","_et_pb_old_content":"","_et_gb_content_width":"","footnotes":""},"class_list":["post-836","page","type-page","status-publish","hentry"],"_links":{"self":[{"href":"https:\/\/www.rua-asistencia.com.uy\/index.php\/wp-json\/wp\/v2\/pages\/836","targetHints":{"allow":["GET"]}}],"collection":[{"href":"https:\/\/www.rua-asistencia.com.uy\/index.php\/wp-json\/wp\/v2\/pages"}],"about":[{"href":"https:\/\/www.rua-asistencia.com.uy\/index.php\/wp-json\/wp\/v2\/types\/page"}],"author":[{"embeddable":true,"href":"https:\/\/www.rua-asistencia.com.uy\/index.php\/wp-json\/wp\/v2\/users\/1"}],"replies":[{"embeddable":true,"href":"https:\/\/www.rua-asistencia.com.uy\/index.php\/wp-json\/wp\/v2\/comments?post=836"}],"version-history":[{"count":0,"href":"https:\/\/www.rua-asistencia.com.uy\/index.php\/wp-json\/wp\/v2\/pages\/836\/revisions"}],"wp:attachment":[{"href":"https:\/\/www.rua-asistencia.com.uy\/index.php\/wp-json\/wp\/v2\/media?parent=836"}],"curies":[{"name":"wp","href":"https:\/\/api.w.org\/{rel}","templated":true}]}}