{"id":838,"date":"2021-01-26T17:18:51","date_gmt":"2021-01-26T20:18:51","guid":{"rendered":"http:\/\/desarrollo.rua-asistencia.com\/uruguay\/?page_id=838"},"modified":"2021-01-26T17:18:51","modified_gmt":"2021-01-26T20:18:51","slug":"bpo-contact-center","status":"publish","type":"page","link":"https:\/\/www.rua-asistencia.com.uy\/index.php\/bpo-contact-center\/","title":{"rendered":"BPO | Contact Center"},"content":{"rendered":"<p>[et_pb_section fb_built=&quot;1&quot; custom_padding_last_edited=&quot;on|phone&quot; admin_label=&quot;Hero&quot; _builder_version=&quot;4.7.7&quot; background_color_gradient_direction=&quot;60deg&quot; background_image=&quot;https:\/\/www.rua-asistencia.com.uy\/wp-content\/uploads\/sites\/17\/2021\/08\/Bpo.png&quot; background_position=&quot;bottom_center&quot; width=&quot;100%&quot; max_width=&quot;100%&quot; min_height=&quot;590px&quot; max_height=&quot;1063px&quot; custom_margin=&quot;||16px|||&quot; custom_padding=&quot;100px|0px|31px|0px||&quot; custom_padding_tablet=&quot;&quot; custom_padding_phone=&quot;0px|0px|0px|0px|false|false&quot; hover_enabled=&quot;0&quot; background_last_edited=&quot;on|phone&quot; background_position_phone=&quot;top_left&quot; title_text=&quot;Bpo&quot; sticky_enabled=&quot;0&quot;][et_pb_row column_structure=&quot;1_2,1_2&quot; _builder_version=&quot;4.7.7&quot; _module_preset=&quot;default&quot;][et_pb_column type=&quot;1_2&quot; _builder_version=&quot;4.7.7&quot; _module_preset=&quot;default&quot;][et_pb_text _builder_version=&quot;4.7.7&quot; _module_preset=&quot;default&quot; text_font=&quot;Poppins|300|||||||&quot; text_text_color=&quot;#000080&quot; text_font_size=&quot;100px&quot; text_line_height=&quot;1em&quot; animation_style=&quot;slide&quot; animation_direction=&quot;left&quot; text_font_size_tablet=&quot;84px&quot; text_font_size_phone=&quot;61px&quot; text_font_size_last_edited=&quot;on|phone&quot;]<\/p>\n<p><strong><\/strong><\/p>\n<p><strong><\/strong><\/p>\n<p><strong>BPO<\/strong><br \/> Contact Center<\/p>\n<p>[\/et_pb_text][\/et_pb_column][et_pb_column type=&quot;1_2&quot; _builder_version=&quot;4.7.7&quot; _module_preset=&quot;default&quot;][\/et_pb_column][\/et_pb_row][\/et_pb_section][et_pb_section fb_built=&quot;1&quot; disabled_on=&quot;off|off|off&quot; admin_label=&quot;Partners&quot; _builder_version=&quot;4.7.7&quot; background_size=&quot;contain&quot; custom_padding=&quot;5px|||||&quot;][et_pb_row column_structure=&quot;1_4,3_4&quot; _builder_version=&quot;3.25&quot; custom_padding=&quot;27px|0px|27px|0px&quot;][et_pb_column type=&quot;1_4&quot; _builder_version=&quot;3.25&quot; custom_padding=&quot;|||&quot; custom_padding__hover=&quot;|||&quot;][et_pb_image src=&quot;https:\/\/www.rua-asistencia.com.uy\/wp-content\/uploads\/sites\/17\/2021\/08\/COMUNICACION.png&quot; title_text=&quot;COMUNICACI\u00d3N&quot; align=&quot;right&quot; align_tablet=&quot;&quot; align_phone=&quot;center&quot; align_last_edited=&quot;on|phone&quot; _builder_version=&quot;4.7.7&quot; _module_preset=&quot;default&quot; transform_scale_tablet=&quot;&quot; transform_scale_phone=&quot;74%|74%&quot; transform_scale_last_edited=&quot;on|phone&quot; transform_translate_tablet=&quot;&quot; transform_translate_phone=&quot;-34px|-1px&quot; transform_translate_last_edited=&quot;on|phone&quot; transform_rotate_tablet=&quot;&quot; transform_rotate_phone=&quot;&quot; transform_rotate_last_edited=&quot;on|phone&quot; transform_skew_tablet=&quot;&quot; transform_skew_phone=&quot;&quot; transform_skew_last_edited=&quot;on|phone&quot; transform_origin_tablet=&quot;&quot; transform_origin_phone=&quot;&quot; transform_origin_last_edited=&quot;on|phone&quot; transform_styles_last_edited=&quot;on|phone&quot; width=&quot;113%&quot; custom_margin=&quot;8px||||false|false&quot; hover_enabled=&quot;0&quot; transform_styles_tablet=&quot;&quot; transform_styles_phone=&quot;&quot; sticky_enabled=&quot;0&quot;][\/et_pb_image][\/et_pb_column][et_pb_column type=&quot;3_4&quot; _builder_version=&quot;3.25&quot; custom_padding=&quot;|||&quot; custom_padding__hover=&quot;|||&quot;][et_pb_text _builder_version=&quot;4.7.7&quot; text_font=&quot;||||||||&quot; text_font_size=&quot;20px&quot; text_line_height=&quot;1.8em&quot; header_font=&quot;||||||||&quot; header_2_font=&quot;Poppins||||||||&quot; header_2_text_color=&quot;#000080&quot; header_2_font_size=&quot;55px&quot; header_2_line_height=&quot;1.4em&quot; header_3_font=&quot;||||||||&quot; text_orientation=&quot;center&quot; max_width=&quot;700px&quot; module_alignment=&quot;center&quot; custom_padding_tablet=&quot;&quot; custom_padding_phone=&quot;|10px||10px|false|false&quot; custom_padding_last_edited=&quot;on|phone&quot; animation_style=&quot;fade&quot; animation_duration=&quot;1300ms&quot;]<\/p>\n<div style=\"text-align: left;\"><span>Ofrecemos la posibilidad de tercerizar la atenci\u00f3n de sus procesos de negocio. Decenas de clientes conf\u00edan en nosotros para agregar valor y rentabilidad a su negocio, al centrarse<\/span><span> en sus tareas principales.<\/span><\/div>\n<p>[\/et_pb_text][\/et_pb_column][\/et_pb_row][\/et_pb_section][et_pb_section fb_built=\u00bb1&#8243; disabled_on=\u00bboff|off|off\u00bb admin_label=\u00bbFeatures\u00bb _builder_version=\u00bb4.7.7&#8243; background_image=\u00bbhttp:\/\/desarrollo.rua-asistencia.com\/uruguay\/wp-content\/uploads\/sites\/17\/2021\/01\/Recursos-nueva-identidad.png\u00bb parallax=\u00bbon\u00bb parallax_method=\u00bboff\u00bb custom_padding=\u00bb17px|0px|90px|0px||\u00bb][et_pb_row column_structure=\u00bb1_2,1_2&#8243; _builder_version=\u00bb4.7.7&#8243; width=\u00bb72%\u00bb][et_pb_column type=\u00bb1_2&#8243; _builder_version=\u00bb3.25&#8243; custom_padding=\u00bb|||\u00bb custom_padding__hover=\u00bb|||\u00bb][et_pb_blurb title=\u00bbatenci\u00f3n telef\u00f3nica\u00bb icon_alignment=\u00bbleft\u00bb image_max_width=\u00bb101px\u00bb content_max_width=\u00bb1030px\u00bb _builder_version=\u00bb4.7.7&#8243; header_font=\u00bbPoppins|600||on|||||\u00bb header_text_color=\u00bb#ff542c\u00bb header_font_size=\u00bb20px\u00bb header_line_height=\u00bb1.4em\u00bb body_font=\u00bb||||||||\u00bb body_font_size=\u00bb18px\u00bb body_line_height=\u00bb1.8em\u00bb background_color=\u00bb#ffffff\u00bb max_width_last_edited=\u00bboff|desktop\u00bb custom_padding=\u00bb40px|19px|37px|30px|false|false\u00bb animation_style=\u00bbfade\u00bb animation_delay=\u00bb100ms\u00bb animation=\u00bboff\u00bb border_radii=\u00bboff|30px|30px||\u00bb border_width_bottom=\u00bb15px\u00bb border_color_bottom=\u00bb#ff542c\u00bb border_radii_image=\u00bbon|2px|2px|2px|2px\u00bb border_color_all_image=\u00bbrgba(0,0,0,0.1)\u00bb box_shadow_style=\u00bbpreset1&#8243;]<\/p>\n<div style=\"text-align: left;\">Contamos con dos contact centers de \u00faltima generaci\u00f3n, personal altamente capacitado y 1200 proveedores que brindan sus servicios las 24 horas del d\u00eda, los 365 d\u00edas del a\u00f1o.<\/div>\n<p>[\/et_pb_blurb][\/et_pb_column][et_pb_column type=\u00bb1_2&#8243; _builder_version=\u00bb3.25&#8243; custom_padding=\u00bb|||\u00bb custom_padding__hover=\u00bb|||\u00bb][et_pb_blurb title=\u00bboperaciones de Back-end\u00bb icon_alignment=\u00bbleft\u00bb image_max_width=\u00bb101px\u00bb content_max_width=\u00bb1030px\u00bb _builder_version=\u00bb4.7.7&#8243; header_font=\u00bbPoppins|600||on|||||\u00bb header_text_color=\u00bb#ff542c\u00bb header_font_size=\u00bb20px\u00bb header_line_height=\u00bb1.4em\u00bb body_font=\u00bb||||||||\u00bb body_font_size=\u00bb18px\u00bb body_line_height=\u00bb1.8em\u00bb background_color=\u00bb#ffffff\u00bb max_width_last_edited=\u00bboff|desktop\u00bb custom_padding=\u00bb40px|19px|70px|30px|false|false\u00bb animation_style=\u00bbfade\u00bb animation_delay=\u00bb100ms\u00bb animation=\u00bboff\u00bb border_radii=\u00bboff|30px|30px||\u00bb border_width_bottom=\u00bb15px\u00bb border_color_bottom=\u00bb#ff542c\u00bb border_radii_image=\u00bbon|2px|2px|2px|2px\u00bb border_color_all_image=\u00bbrgba(0,0,0,0.1)\u00bb box_shadow_style=\u00bbpreset1&#8243;]<\/p>\n<div style=\"text-align: left;\">Realizamos todas aquellas tareas y funciones administrativas<span> que ayudan a ejecutar, gestionar y desarrollar a su empresa.<\/span><\/div>\n<p>[\/et_pb_blurb][\/et_pb_column][\/et_pb_row][\/et_pb_section]<\/p>\n","protected":false},"excerpt":{"rendered":"<p>[et_pb_section fb_built=&quot;1&quot; custom_padding_last_edited=&quot;on|phone&quot; admin_label=&quot;Hero&quot; _builder_version=&quot;4.7.7&quot; background_color_gradient_direction=&quot;60deg&quot; background_image=&quot;https:\/\/www.rua-asistencia.com.uy\/wp-content\/uploads\/sites\/17\/2021\/08\/Bpo.png&quot; background_position=&quot;bottom_center&quot; width=&quot;100%&quot; max_width=&quot;100%&quot; min_height=&quot;590px&quot; max_height=&quot;1063px&quot; custom_margin=&quot;||16px|||&quot; custom_padding=&quot;100px|0px|31px|0px||&quot; custom_padding_tablet=&quot;&quot; custom_padding_phone=&quot;0px|0px|0px|0px|false|false&quot; hover_enabled=&quot;0&quot; background_last_edited=&quot;on|phone&quot; background_position_phone=&quot;top_left&quot; title_text=&quot;Bpo&quot; sticky_enabled=&quot;0&quot;][et_pb_row column_structure=&quot;1_2,1_2&quot; _builder_version=&quot;4.7.7&quot; _module_preset=&quot;default&quot;][et_pb_column type=&quot;1_2&quot; _builder_version=&quot;4.7.7&quot; _module_preset=&quot;default&quot;][et_pb_text _builder_version=&quot;4.7.7&quot; _module_preset=&quot;default&quot; text_font=&quot;Poppins|300|||||||&quot; text_text_color=&quot;#000080&quot; text_font_size=&quot;100px&quot; text_line_height=&quot;1em&quot; animation_style=&quot;slide&quot; animation_direction=&quot;left&quot; text_font_size_tablet=&quot;84px&quot; text_font_size_phone=&quot;61px&quot; text_font_size_last_edited=&quot;on|phone&quot;] BPO Contact Center [\/et_pb_text][\/et_pb_column][et_pb_column type=&quot;1_2&quot; _builder_version=&quot;4.7.7&quot; _module_preset=&quot;default&quot;][\/et_pb_column][\/et_pb_row][\/et_pb_section][et_pb_section fb_built=&quot;1&quot; disabled_on=&quot;off|off|off&quot; admin_label=&quot;Partners&quot; _builder_version=&quot;4.7.7&quot; background_size=&quot;contain&quot; custom_padding=&quot;5px|||||&quot;][et_pb_row column_structure=&quot;1_4,3_4&quot; _builder_version=&quot;3.25&quot; custom_padding=&quot;27px|0px|27px|0px&quot;][et_pb_column type=&quot;1_4&quot; [&hellip;]<\/p>\n","protected":false},"author":1,"featured_media":0,"parent":0,"menu_order":0,"comment_status":"closed","ping_status":"closed","template":"","meta":{"_et_pb_use_builder":"on","_et_pb_old_content":"","_et_gb_content_width":"","footnotes":""},"class_list":["post-838","page","type-page","status-publish","hentry"],"_links":{"self":[{"href":"https:\/\/www.rua-asistencia.com.uy\/index.php\/wp-json\/wp\/v2\/pages\/838","targetHints":{"allow":["GET"]}}],"collection":[{"href":"https:\/\/www.rua-asistencia.com.uy\/index.php\/wp-json\/wp\/v2\/pages"}],"about":[{"href":"https:\/\/www.rua-asistencia.com.uy\/index.php\/wp-json\/wp\/v2\/types\/page"}],"author":[{"embeddable":true,"href":"https:\/\/www.rua-asistencia.com.uy\/index.php\/wp-json\/wp\/v2\/users\/1"}],"replies":[{"embeddable":true,"href":"https:\/\/www.rua-asistencia.com.uy\/index.php\/wp-json\/wp\/v2\/comments?post=838"}],"version-history":[{"count":0,"href":"https:\/\/www.rua-asistencia.com.uy\/index.php\/wp-json\/wp\/v2\/pages\/838\/revisions"}],"wp:attachment":[{"href":"https:\/\/www.rua-asistencia.com.uy\/index.php\/wp-json\/wp\/v2\/media?parent=838"}],"curies":[{"name":"wp","href":"https:\/\/api.w.org\/{rel}","templated":true}]}}